{"id":6581,"date":"2017-01-02T10:59:30","date_gmt":"2017-01-02T08:59:30","guid":{"rendered":"http:\/\/seicom.test\/epood\/aknad-uksed\/pvc-premium-aknad-2\/"},"modified":"2026-01-30T15:23:01","modified_gmt":"2026-01-30T13:23:01","slug":"pvc-premium-aknad-2","status":"publish","type":"product","link":"https:\/\/seicom.ee\/epood\/aknad-uksed\/pvc-premium-aknad-2\/","title":{"rendered":"Premium PVC aknad"},"content":{"rendered":"<p><b>Ehituss\u00fcgavus:<\/b> 82,5 mm<br \/>\n<b>Kambrite arv:<\/b> 6 kambrit (raam), 6 kambrit (leng)<br \/>\n<b>Soojapidavus: <\/b>kuni Uw = 0,73 W\/m\u00b2K<br \/>\n<b>Helikindlus:<\/b> kuni Rw (C; Ctr) = 48 (-1; -4) dB<br \/>\n<b>\u00d5hukindlus:<\/b> klass 4<br \/>\n<b>L\u00f6\u00f6kvihmakindlus:<\/b> kuni klassini 9A<br \/>\n<strong>Avanemine:<\/strong> p\u00f6\u00f6rd\/kald, sissepoole; Pimepostiga akendel on vastaspool lukustatav peidetud riiviga<br \/>\n<strong>Alusprofiil:<\/strong> 30 mm<\/p>\n","protected":false},"excerpt":{"rendered":"<p><strong>SeiCom Premium PVC aknad\u00a0<\/strong><\/p>\n<p>SeiCom Premium PVC profiil on s\u00fcgavusega\u00a082,5 mm.\u00a0T\u00e4nu kolmele lisatihendile pakub see \u00fclimalt head soojusisolatsiooni, aidates k\u00fcttekulud madalad hoida.<\/p>\n<p>82,5 mm ehituss\u00fcgavus on optimaalne kolmekordse energias\u00e4\u00e4stliku klaaspaketi kasutamiseks.<\/p>\n<p>Premium akna profiil on mustust h\u00fclgav ja kerge hooldada t\u00e4nu revolutsioonilisele HDF-kihile. Lisaks tagab see parema helipidavuse, takistades t\u00e4navam\u00fcra siseruumidesse j\u00f5udmist.<\/p>\n<p>Mitmek\u00fclgne profiilis\u00fcsteem, lai v\u00e4rvi- ja m\u00f5\u00f5tude valik ning erinevad paigaldusv\u00f5imalused\u00a0lahendavad nii uusehitiste kui ka renoveeritavate objektide puhul k\u00f5ik klientide soovid.<\/p>\n<p>&nbsp;<\/p>\n<p>&nbsp;<\/p>\n","protected":false},"featured_media":7497,"comment_status":"open","ping_status":"closed","template":"","meta":{"_acf_changed":false,"om_disable_all_campaigns":false,"_exactmetrics_skip_tracking":false,"_exactmetrics_sitenote_active":false,"_exactmetrics_sitenote_note":"","_exactmetrics_sitenote_category":0,"_monsterinsights_skip_tracking":false,"_monsterinsights_sitenote_active":false,"_monsterinsights_sitenote_note":"","_monsterinsights_sitenote_category":0,"_uf_show_specific_survey":0,"_uf_disable_surveys":false},"product_cat":[13,229],"product_tag":[39,38,36,37,59,34,35],"acf":[],"aioseo_notices":[],"_links":{"self":[{"href":"https:\/\/seicom.ee\/epood\/wp-json\/wp\/v2\/product\/6581"}],"collection":[{"href":"https:\/\/seicom.ee\/epood\/wp-json\/wp\/v2\/product"}],"about":[{"href":"https:\/\/seicom.ee\/epood\/wp-json\/wp\/v2\/types\/product"}],"replies":[{"embeddable":true,"href":"https:\/\/seicom.ee\/epood\/wp-json\/wp\/v2\/comments?post=6581"}],"wp:featuredmedia":[{"embeddable":true,"href":"https:\/\/seicom.ee\/epood\/wp-json\/wp\/v2\/media\/7497"}],"wp:attachment":[{"href":"https:\/\/seicom.ee\/epood\/wp-json\/wp\/v2\/media?parent=6581"}],"wp:term":[{"taxonomy":"product_cat","embeddable":true,"href":"https:\/\/seicom.ee\/epood\/wp-json\/wp\/v2\/product_cat?post=6581"},{"taxonomy":"product_tag","embeddable":true,"href":"https:\/\/seicom.ee\/epood\/wp-json\/wp\/v2\/product_tag?post=6581"}],"curies":[{"name":"wp","href":"https:\/\/api.w.org\/{rel}","templated":true}]}}