{"id":6580,"date":"2017-01-03T16:35:48","date_gmt":"2017-01-03T14:35:48","guid":{"rendered":"http:\/\/seicom.test\/epood\/aknad-uksed\/pvc-classic-aknad-2\/"},"modified":"2025-04-01T10:19:22","modified_gmt":"2025-04-01T07:19:22","slug":"pvc-classic-aknad-2","status":"publish","type":"product","link":"https:\/\/seicom.ee\/epood\/aknad-uksed\/pvc-classic-aknad-2\/","title":{"rendered":"Classic PVC aknad"},"content":{"rendered":"<p><b>Ehituss\u00fcgavus:<\/b>\u00a074 mm<br \/>\n<b>Kambrite arv:<\/b> 6 kambrit (raam), 6 kambrit (leng)<br \/>\n<strong>Soojapidavus:<\/strong> kuni Uw = 0,78 W\/m\u00b2K<br \/>\n<b>Helikindlus: <\/b>kuni Rw (C; Ctr) = 47 (-1; -4) dB<br \/>\n<b>\u00d5hukindlus:<\/b> klass 4<br \/>\n<b>L\u00f6\u00f6kvihmakindlus:<\/b> kuni klassini 9A<br \/>\n<strong>Avanemine:<\/strong> p\u00f6\u00f6rd\/kald, sissepoole; pimepostiga akendel on vastaspool lukustatav peidetud riiviga<br \/>\n<strong>Alusprofiil:<\/strong> 30 mm<\/p>\n","protected":false},"excerpt":{"rendered":"<p><strong>SeiCom Classic PVC aknad\u00a0<\/strong><\/p>\n<p>SeiCom Classic PVC profiil on s\u00fcgavusega 74 mm. Saksa kvaliteedistandarditele vastav Classic PVC on \u00f6konoomne akna- ja ukseprofiil. Lai valik m\u00f5\u00f5te ja v\u00e4rvitoone pakub v\u00f5imalusi mitmesugusteks arhitektuurilisteks lahendusteks.<\/p>\n<p>PVC aknad \u00fchendavad endas hea soojusisolatsiooni ja praktilisuse ning on kauakestvad ja lihtsad hooldada.<\/p>\n","protected":false},"featured_media":7557,"comment_status":"open","ping_status":"closed","template":"","meta":{"_acf_changed":false,"om_disable_all_campaigns":false,"_exactmetrics_skip_tracking":false,"_exactmetrics_sitenote_active":false,"_exactmetrics_sitenote_note":"","_exactmetrics_sitenote_category":0,"_monsterinsights_skip_tracking":false,"_monsterinsights_sitenote_active":false,"_monsterinsights_sitenote_note":"","_monsterinsights_sitenote_category":0,"_uf_show_specific_survey":0,"_uf_disable_surveys":false},"product_cat":[13,229],"product_tag":[39,38,60,36,37,34,35],"acf":[],"aioseo_notices":[],"_links":{"self":[{"href":"https:\/\/seicom.ee\/epood\/wp-json\/wp\/v2\/product\/6580"}],"collection":[{"href":"https:\/\/seicom.ee\/epood\/wp-json\/wp\/v2\/product"}],"about":[{"href":"https:\/\/seicom.ee\/epood\/wp-json\/wp\/v2\/types\/product"}],"replies":[{"embeddable":true,"href":"https:\/\/seicom.ee\/epood\/wp-json\/wp\/v2\/comments?post=6580"}],"wp:featuredmedia":[{"embeddable":true,"href":"https:\/\/seicom.ee\/epood\/wp-json\/wp\/v2\/media\/7557"}],"wp:attachment":[{"href":"https:\/\/seicom.ee\/epood\/wp-json\/wp\/v2\/media?parent=6580"}],"wp:term":[{"taxonomy":"product_cat","embeddable":true,"href":"https:\/\/seicom.ee\/epood\/wp-json\/wp\/v2\/product_cat?post=6580"},{"taxonomy":"product_tag","embeddable":true,"href":"https:\/\/seicom.ee\/epood\/wp-json\/wp\/v2\/product_tag?post=6580"}],"curies":[{"name":"wp","href":"https:\/\/api.w.org\/{rel}","templated":true}]}}