{"id":6579,"date":"2017-01-12T11:00:01","date_gmt":"2017-01-12T09:00:01","guid":{"rendered":"http:\/\/seicom.test\/epood\/aknad-uksed\/pvc-classic-valisuksed\/"},"modified":"2025-04-01T10:16:49","modified_gmt":"2025-04-01T07:16:49","slug":"pvc-classic-valisuksed","status":"publish","type":"product","link":"https:\/\/seicom.ee\/epood\/aknad-uksed\/pvc-classic-valisuksed\/","title":{"rendered":"Classic PVC v\u00e4lisuksed"},"content":{"rendered":"<p><b>Ehituss\u00fcgavus:<\/b> 74 mm<br \/>\n<b>Kambrite arv:<\/b> 4 kambrit (raam), 5 kambrit (leng)<br \/>\n<b>Soojapidavus:<\/b> kuni Uw 0,84 W\/m\u00b2K<br \/>\n<b>Helikindlus:<\/b> kuni Rw (C; Ctr) = 44 (-1; -5) dB<br \/>\n<b>\u00d5hukindlus:<\/b> klass 3<br \/>\n<b>L\u00f6\u00f6kvihmakindlus:<\/b> kuni klassini 7A<br \/>\n<strong>L\u00e4vepakk:<\/strong> alumiinium<br \/>\n<strong>Lukk ja k\u00e4epide:<\/strong> l\u00e4biv link ja lukustus<br \/>\n<strong>Avanemine:<\/strong> v\u00e4ljapoole<br \/>\nPimepostiga ustel on vastaspool lukustatav peidetud riiviga.<\/p>\n","protected":false},"excerpt":{"rendered":"<p>V\u00e4lisuks on silmatorkav ja oluline osa hoonest, mis \u00fchelt poolt peaks panema ilusa punkti hoone v\u00e4limusele ja teiselt poolt kindlustama k\u00f5rgetasemelise turvalisuse.<\/p>\n<p>&nbsp;<\/p>\n<p>Usaldusv\u00e4\u00e4rne SeiCom-i PVC ukses\u00fcsteem 74 mm ehituss\u00fcgavusega, rahuldab ka n\u00f5udlikuma kliendi soovid nii v\u00e4limuse, toimivuse kui ka turvalisuse osas. PVC v\u00e4lisuksed on tugevdatud massiivse terasarmatuuriga, mis pakub maksimaalset turvalisust.<\/p>\n<p>&nbsp;<\/p>\n<p>N\u00f5uded hoone v\u00e4lisuksele on tavaliselt k\u00f5rged, SeiCom-i 74 mm PVC ukses\u00fcsteem sobib ideaalselt kasutamiseks nii renoveeritavatele hoonetele, kui ka uutele energias\u00e4\u00e4stlikele hoonetele. Ukseprofiilis on 4 kambrit ning massiivne terasarmatuur, mis annavad profiilile stabiilsuse ja konstruktsioonile tugevuse.<\/p>\n<p>&nbsp;<\/p>\n<p>SeiCom-i 74 mm PVC profiilist valmistatud uksed on soojapidavad, helikindlad ning turvalised \u2013 kaitstud sissemurdmise vastu.<\/p>\n<p>&nbsp;<\/p>\n","protected":false},"featured_media":7343,"comment_status":"open","ping_status":"closed","template":"","meta":{"_acf_changed":false,"om_disable_all_campaigns":false,"_exactmetrics_skip_tracking":false,"_exactmetrics_sitenote_active":false,"_exactmetrics_sitenote_note":"","_exactmetrics_sitenote_category":0,"_monsterinsights_skip_tracking":false,"_monsterinsights_sitenote_active":false,"_monsterinsights_sitenote_note":"","_monsterinsights_sitenote_category":0,"_uf_show_specific_survey":0,"_uf_disable_surveys":false},"product_cat":[14,232],"product_tag":[60,49,52,47,50,48,51,53,54,61,62],"acf":[],"aioseo_notices":[],"_links":{"self":[{"href":"https:\/\/seicom.ee\/epood\/wp-json\/wp\/v2\/product\/6579"}],"collection":[{"href":"https:\/\/seicom.ee\/epood\/wp-json\/wp\/v2\/product"}],"about":[{"href":"https:\/\/seicom.ee\/epood\/wp-json\/wp\/v2\/types\/product"}],"replies":[{"embeddable":true,"href":"https:\/\/seicom.ee\/epood\/wp-json\/wp\/v2\/comments?post=6579"}],"wp:featuredmedia":[{"embeddable":true,"href":"https:\/\/seicom.ee\/epood\/wp-json\/wp\/v2\/media\/7343"}],"wp:attachment":[{"href":"https:\/\/seicom.ee\/epood\/wp-json\/wp\/v2\/media?parent=6579"}],"wp:term":[{"taxonomy":"product_cat","embeddable":true,"href":"https:\/\/seicom.ee\/epood\/wp-json\/wp\/v2\/product_cat?post=6579"},{"taxonomy":"product_tag","embeddable":true,"href":"https:\/\/seicom.ee\/epood\/wp-json\/wp\/v2\/product_tag?post=6579"}],"curies":[{"name":"wp","href":"https:\/\/api.w.org\/{rel}","templated":true}]}}