{"id":6578,"date":"2017-01-12T11:45:53","date_gmt":"2017-01-12T09:45:53","guid":{"rendered":"http:\/\/seicom.test\/epood\/aknad-uksed\/pvc-classic-roduuksed\/"},"modified":"2025-12-08T10:19:55","modified_gmt":"2025-12-08T08:19:55","slug":"pvc-classic-roduuksed","status":"publish","type":"product","link":"https:\/\/seicom.ee\/epood\/aknad-uksed\/pvc-classic-roduuksed\/","title":{"rendered":"Classic PVC r\u00f5duuksed"},"content":{"rendered":"<p><b>Ehituss\u00fcgavus:<\/b>\u00a074 mm<br \/>\n<b>Kambrite arv:<\/b> 6 kambrit (raam), 6 kambrit (leng)<br \/>\n<strong>Soojapidavus:<\/strong> kuni Uw = 0,78 W\/m\u00b2K<br \/>\n<b>Helikindlus:\u00a0<\/b>helikindlus kuni Rw (C; Ctr) = 47 (-1; -4) dB<br \/>\n<b>\u00d5hukindlus:<\/b>\u00a0klass 4 (DIN EN 12207)<br \/>\n<b>L\u00f6\u00f6kvihmakindlus:<\/b>\u00a0kuni klassini 9A (DIN EN 12208)<br \/>\n<strong>L\u00e4vepakk: <\/strong>l\u00e4vepakku pole, selle asemel on lengiprofiil<br \/>\n<strong>Avanemine:<\/strong> p\u00f6\u00f6rd\/kald, sissepoole<br \/>\nAvatav\/suletav ainult seestpoolt, v\u00e4ljapoole on v\u00f5imalik paigaldada k\u00f5rvk\u00e4epide. Pimepostiga ustel on vastaspool lukustatav peidetud riiviga<br \/>\n<strong>Alusprofiil:<\/strong> 30 mm<\/p>\n","protected":false},"excerpt":{"rendered":"<p><strong>SeiCom Classic PVC r\u00f5duuksed\u00a0<\/strong><\/p>\n<p>SeiCom Classic PVC profiil on s\u00fcgavusega 74 mm. Saksa kvaliteedistandarditele vastav Classic PVC on \u00f6konoomne akna- ja ukseprofiil. Lai valik m\u00f5\u00f5te ja v\u00e4rvitoone pakub v\u00f5imalusi mitmesugusteks arhitektuurilisteks lahendusteks.<br \/>\nPVC r\u00f5duuksed \u00fchendavad endas hea soojusisolatsiooni ja praktilisuse ning on kauakestvad ja lihtsad hooldada.<\/p>\n<p>&nbsp;<\/p>\n<p><strong>M\u00f5ned erip\u00e4rad millega tuleb arvestada Classic r\u00f5duukse puhul on:<\/strong><br \/>\n\u2013 seda t\u00fc\u00fcpi uksel ei ole eraldi l\u00e4vepakku, vaid l\u00e4vepaku asemel on sama lengiprofiil, mida kasutatakse ka \u00fcmber ukse lengina,<br \/>\n\u2013 seda t\u00fc\u00fcpi r\u00f5duuks on ainult seestpoolt suletav\/avatav, v\u00e4ljapoole on v\u00f5imalik paigaldada k\u00e4epide, mis tuleb komplektis koos tuuleriiviga, tuuleriiv annab teile v\u00f5imaluse fikseerida uks r\u00f5dul olles ja hiljem sisenedes avaneb uks kergelt t\u00f5ugates, tuuleriivi saate valida oma r\u00f5duuksele veebipoes tootelehel toodet valides,<br \/>\n\u2013 p\u00f5him\u00f5tteliselt on tegu samasuguse tootega tehniliselt ja profiililt, nagu seda on Classic PVC aken, lihtsalt teistes m\u00f5\u00f5tudes ning tuuleriivi v\u00f5imalusega.<\/p>\n","protected":false},"featured_media":9725,"comment_status":"open","ping_status":"closed","template":"","meta":{"_acf_changed":false,"om_disable_all_campaigns":false,"_exactmetrics_skip_tracking":false,"_exactmetrics_sitenote_active":false,"_exactmetrics_sitenote_note":"","_exactmetrics_sitenote_category":0,"_monsterinsights_skip_tracking":false,"_monsterinsights_sitenote_active":false,"_monsterinsights_sitenote_note":"","_monsterinsights_sitenote_category":0,"_uf_show_specific_survey":0,"_uf_disable_surveys":false},"product_cat":[14,232],"product_tag":[60,49,52,57,58,47,50,55,56,53,54],"acf":[],"aioseo_notices":[],"_links":{"self":[{"href":"https:\/\/seicom.ee\/epood\/wp-json\/wp\/v2\/product\/6578"}],"collection":[{"href":"https:\/\/seicom.ee\/epood\/wp-json\/wp\/v2\/product"}],"about":[{"href":"https:\/\/seicom.ee\/epood\/wp-json\/wp\/v2\/types\/product"}],"replies":[{"embeddable":true,"href":"https:\/\/seicom.ee\/epood\/wp-json\/wp\/v2\/comments?post=6578"}],"wp:featuredmedia":[{"embeddable":true,"href":"https:\/\/seicom.ee\/epood\/wp-json\/wp\/v2\/media\/9725"}],"wp:attachment":[{"href":"https:\/\/seicom.ee\/epood\/wp-json\/wp\/v2\/media?parent=6578"}],"wp:term":[{"taxonomy":"product_cat","embeddable":true,"href":"https:\/\/seicom.ee\/epood\/wp-json\/wp\/v2\/product_cat?post=6578"},{"taxonomy":"product_tag","embeddable":true,"href":"https:\/\/seicom.ee\/epood\/wp-json\/wp\/v2\/product_tag?post=6578"}],"curies":[{"name":"wp","href":"https:\/\/api.w.org\/{rel}","templated":true}]}}