{"id":6577,"date":"2017-04-04T10:44:44","date_gmt":"2017-04-04T07:44:44","guid":{"rendered":"http:\/\/seicom.test\/epood\/aknad-uksed\/pvc-premium-roduuksed-2\/"},"modified":"2025-04-01T10:22:29","modified_gmt":"2025-04-01T07:22:29","slug":"pvc-premium-roduuksed-2","status":"publish","type":"product","link":"https:\/\/seicom.ee\/epood\/aknad-uksed\/pvc-premium-roduuksed-2\/","title":{"rendered":"Premium PVC r\u00f5duuksed"},"content":{"rendered":"<p><b>Ehituss\u00fcgavus:<\/b> 82,5 mm<br \/>\n<b>Kambrite arv:<\/b> 6 kambrit (raam), 6 kambrit (leng)<br \/>\n<b>Soojapidavus:<\/b> kuni Uw = 0,73 W\/m\u00b2K<br \/>\n<b>Helikindlus:<\/b> kuni Rw (C; Ctr) = 48 (-1; -4) dB<br \/>\n<b>\u00d5hukindlus:<\/b> klass 4<br \/>\n<b>L\u00f6\u00f6kvihmakindlus:<\/b> kuni klassini 9A<br \/>\n<strong>L\u00e4vepakk:\u00a0<\/strong>l\u00e4vepakku pole, selle asemel on lengiprofiil<br \/>\n<strong>Avanemine:<\/strong> p\u00f6\u00f6rd\/kald, sissepoole;<br \/>\nAvatav\/suletav ainult seestpoolt, v\u00e4ljapoole on v\u00f5imalik paigaldada k\u00f5rvk\u00e4epide.<br \/>\nPimepostiga ustel on vastaspool lukustatav peidetud riiviga.<br \/>\n<strong>Alusprofiil:<\/strong> 30 mm<\/p>\n","protected":false},"excerpt":{"rendered":"<p><strong>SeiCom Premium PVC r\u00f5duuksed\u00a0<\/strong><\/p>\n<p>SeiCom Premium PVC profiil on s\u00fcgavusega\u00a082,5 mm.\u00a0T\u00e4nu kolmele lisatihendile pakub see \u00fclimalt head soojusisolatsiooni, aidates k\u00fcttekulud madalad hoida.<br \/>\n82,5 mm ehituss\u00fcgavus on optimaalne kolmekordse energias\u00e4\u00e4stliku klaaspaketi kasutamiseks.<br \/>\nPremium r\u00f5duukse profiil on mustust h\u00fclgav ja kerge hooldada t\u00e4nu revolutsioonilisele HDF-kihile. Lisaks tagab see parema helipidavuse, takistades t\u00e4navam\u00fcra siseruumidesse j\u00f5udmist.<br \/>\nMitmek\u00fclgne profiilis\u00fcsteem, lai v\u00e4rvi- ja m\u00f5\u00f5tude valik ning erinevad paigaldusv\u00f5imalused\u00a0lahendavad nii uusehitiste kui ka renoveeritavate objektide puhul k\u00f5ik klientide soovid.<\/p>\n<p>&nbsp;<\/p>\n<p><strong>M\u00f5ned erip\u00e4rad millega tuleb arvestada Premium r\u00f5duukse puhul:<br \/>\n<\/strong>\u2013 seda t\u00fc\u00fcpi uksel ei ole eraldi l\u00e4vepakku, vaid l\u00e4vepaku asemel on sama lengiprofiil, mida kasutatakse ka \u00fcmber ukse lengina,<br \/>\n\u2013 seda t\u00fc\u00fcpi r\u00f5duuks on ainult seestpoolt suletav\/avatav, v\u00e4ljapoole on v\u00f5imalik paigaldada k\u00e4epide, mis tuleb komplektis koos tuuleriiviga, tuuleriiv annab teile v\u00f5imaluse fikseerida uks r\u00f5dul olles ja hiljem sisenedes avaneb uks kergelt t\u00f5ugates, tuuleriivi saate valida oma r\u00f5duuksele veebipoes tootelehel toodet valides,<br \/>\n\u2013 p\u00f5him\u00f5tteliselt on tegu samasuguse tootega tehniliselt ja profiililt, nagu seda on Premium PVC aken, lihtsalt teistes m\u00f5\u00f5tudes ning tuuleriivi v\u00f5imalusega.<\/p>\n<p>&nbsp;<\/p>\n","protected":false},"featured_media":8952,"comment_status":"open","ping_status":"closed","template":"","meta":{"_acf_changed":false,"om_disable_all_campaigns":false,"_exactmetrics_skip_tracking":false,"_exactmetrics_sitenote_active":false,"_exactmetrics_sitenote_note":"","_exactmetrics_sitenote_category":0,"_monsterinsights_skip_tracking":false,"_monsterinsights_sitenote_active":false,"_monsterinsights_sitenote_note":"","_monsterinsights_sitenote_category":0,"_uf_show_specific_survey":0,"_uf_disable_surveys":false},"product_cat":[14,232],"product_tag":[49,52,59,57,58,47,50,55,56,53,54],"acf":[],"aioseo_notices":[],"_links":{"self":[{"href":"https:\/\/seicom.ee\/epood\/wp-json\/wp\/v2\/product\/6577"}],"collection":[{"href":"https:\/\/seicom.ee\/epood\/wp-json\/wp\/v2\/product"}],"about":[{"href":"https:\/\/seicom.ee\/epood\/wp-json\/wp\/v2\/types\/product"}],"replies":[{"embeddable":true,"href":"https:\/\/seicom.ee\/epood\/wp-json\/wp\/v2\/comments?post=6577"}],"wp:featuredmedia":[{"embeddable":true,"href":"https:\/\/seicom.ee\/epood\/wp-json\/wp\/v2\/media\/8952"}],"wp:attachment":[{"href":"https:\/\/seicom.ee\/epood\/wp-json\/wp\/v2\/media?parent=6577"}],"wp:term":[{"taxonomy":"product_cat","embeddable":true,"href":"https:\/\/seicom.ee\/epood\/wp-json\/wp\/v2\/product_cat?post=6577"},{"taxonomy":"product_tag","embeddable":true,"href":"https:\/\/seicom.ee\/epood\/wp-json\/wp\/v2\/product_tag?post=6577"}],"curies":[{"name":"wp","href":"https:\/\/api.w.org\/{rel}","templated":true}]}}