{"id":6575,"date":"2020-05-25T13:53:34","date_gmt":"2020-05-25T10:53:34","guid":{"rendered":"http:\/\/seicom.test\/epood\/aknad-uksed\/puitalumiinium-classic-aknad\/"},"modified":"2025-12-01T09:12:34","modified_gmt":"2025-12-01T07:12:34","slug":"puitalumiinium-classic-aknad","status":"publish","type":"product","link":"https:\/\/seicom.ee\/epood\/aknad-uksed\/puitalumiinium-classic-aknad\/","title":{"rendered":"Classic puitalumiinium aknad"},"content":{"rendered":"<p><strong>Ehituss\u00fcgavus:<\/strong> 78 mm<br \/>\n<strong>Soojapidavus:<\/strong>kuni Uw= 0,84 W\/m\u00b2K<br \/>\n<strong>Helikindlus:<\/strong> kuni Rw,P = 48 dB<br \/>\n<strong>\u00d5hukindlus:<\/strong> klass 4 (DIN EN 12207)<br \/>\n<b>L\u00f6\u00f6kvihmakindlus:<\/b> klass E1050<br \/>\n<strong>Avanemine:<\/strong> p\u00f6\u00f6rd\/kald, sissepoole;<br \/>\nPimepostiga akendel on vastaspool lukustatav peidetud riiviga<\/p>\n<p>Ilmastiku-ja veekindluse tagamiseks v\u00e4liskonstruktsioonid kaetud kogu ulatuses alumiiniumprofiilidega.<\/p>\n","protected":false},"excerpt":{"rendered":"<p>Puit- ja puitalumiinium aknad on konstruktsioonilt identsed. Erinevalt puitaknast, kus raami- ja lengi alaosa, on kaitstud alumiiniumprofiilidega, on puitalumiinium akna v\u00e4liskonstruktsioonid kogu ulatuses alumiiniumprofiilidega kaetud, tagamaks puitaknale efektiivseima kaitse v\u00e4lism\u00f5jude eest.<br \/>\nSissepoole avanevaid \u00fcheraamseid saksa-t\u00fc\u00fcpi puitaknaid valmistatakse tavaliselt s\u00f5rmj\u00e4tkatud 3-v\u00f5i 4-kihilisest m\u00e4nni liimpuidust.<br \/>\nSaksa-t\u00fc\u00fcpi puitakna profiilis on koos nii soojapidavus kui mitmek\u00fclgne disain. Arvukad vormid ja v\u00e4rvid (RAL kataloogi j\u00e4rgi, lasuurid lasuuride kataloogi j\u00e4rgi) pakuvad v\u00f5imalusi mitmesugusteks arhitektuurilisteks lahendusteks.<br \/>\nSobib kasutamiseks nii uute hoonete ehitamisel, kui ka vanade renoveerimisel, t\u00f5stab hoonete energias\u00e4\u00e4stlikust.<br \/>\nSama puitprofiili on v\u00f5imalik kasutada ka r\u00f5du- ja l\u00fckanduste valmistamisel.<\/p>\n","protected":false},"featured_media":9511,"comment_status":"open","ping_status":"closed","template":"","meta":{"_acf_changed":false,"om_disable_all_campaigns":false,"_exactmetrics_skip_tracking":false,"_exactmetrics_sitenote_active":false,"_exactmetrics_sitenote_note":"","_exactmetrics_sitenote_category":0,"_monsterinsights_skip_tracking":false,"_monsterinsights_sitenote_active":false,"_monsterinsights_sitenote_note":"","_monsterinsights_sitenote_category":0,"_uf_show_specific_survey":0,"_uf_disable_surveys":false},"product_cat":[13,228],"product_tag":[39,38,40,32,31,41,43,44,45,46,42],"acf":[],"aioseo_notices":[],"_links":{"self":[{"href":"https:\/\/seicom.ee\/epood\/wp-json\/wp\/v2\/product\/6575"}],"collection":[{"href":"https:\/\/seicom.ee\/epood\/wp-json\/wp\/v2\/product"}],"about":[{"href":"https:\/\/seicom.ee\/epood\/wp-json\/wp\/v2\/types\/product"}],"replies":[{"embeddable":true,"href":"https:\/\/seicom.ee\/epood\/wp-json\/wp\/v2\/comments?post=6575"}],"wp:featuredmedia":[{"embeddable":true,"href":"https:\/\/seicom.ee\/epood\/wp-json\/wp\/v2\/media\/9511"}],"wp:attachment":[{"href":"https:\/\/seicom.ee\/epood\/wp-json\/wp\/v2\/media?parent=6575"}],"wp:term":[{"taxonomy":"product_cat","embeddable":true,"href":"https:\/\/seicom.ee\/epood\/wp-json\/wp\/v2\/product_cat?post=6575"},{"taxonomy":"product_tag","embeddable":true,"href":"https:\/\/seicom.ee\/epood\/wp-json\/wp\/v2\/product_tag?post=6575"}],"curies":[{"name":"wp","href":"https:\/\/api.w.org\/{rel}","templated":true}]}}