{"id":9421,"date":"2022-12-07T16:32:33","date_gmt":"2022-12-07T14:32:33","guid":{"rendered":"http:\/\/seicom.ee\/epood\/?page_id=9421"},"modified":"2023-07-06T08:38:41","modified_gmt":"2023-07-06T05:38:41","slug":"jarelmaks","status":"publish","type":"page","link":"https:\/\/seicom.ee\/epood\/jarelmaks\/","title":{"rendered":"J\u00e4relmaks"},"content":{"rendered":"<div class=\"wp-block-buttons is-layout-flex wp-block-buttons-is-layout-flex\"><div class=\"wp-block-button has-custom-font-size is-style-fill has-small-font-size\" style=\"font-style:normal;font-weight:600\"><a class=\"wp-block-button__link has-black-color has-text-color has-background wp-element-button\" href=\"#esto-jarelmaks\" style=\"border-radius:5px;background-color:#ffc20e\">Esto j\u00e4relmaks<\/a><\/div><\/div><div style=\"height:50px\" aria-hidden=\"true\" class=\"wp-block-spacer\"><\/div><figure class=\"wp-block-image alignwide size-full\" id=\"esto-jarelmaks\"><img loading=\"lazy\" decoding=\"async\" width=\"1000\" height=\"523\" src=\"http:\/\/seicom.ee\/epood\/wp-content\/uploads\/2023\/03\/Copy-of-web_banner_11_EE-1.jpg\" alt=\"\" class=\"wp-image-9830\" srcset=\"https:\/\/seicom.ee\/epood\/wp-content\/uploads\/2023\/03\/Copy-of-web_banner_11_EE-1.jpg 1000w, https:\/\/seicom.ee\/epood\/wp-content\/uploads\/2023\/03\/Copy-of-web_banner_11_EE-1-300x157.jpg 300w, https:\/\/seicom.ee\/epood\/wp-content\/uploads\/2023\/03\/Copy-of-web_banner_11_EE-1-768x402.jpg 768w, https:\/\/seicom.ee\/epood\/wp-content\/uploads\/2023\/03\/Copy-of-web_banner_11_EE-1-956x500.jpg 956w, https:\/\/seicom.ee\/epood\/wp-content\/uploads\/2023\/03\/Copy-of-web_banner_11_EE-1-600x314.jpg 600w\" sizes=\"(max-width: 1000px) 100vw, 1000px\" \/><\/figure><h2 class=\"has-text-align-left wp-block-heading\">Esto j\u00e4relmaks:<\/h2><p class=\"has-medium-font-size\"><strong>Ei soovi maksta kogu summat korraga? Maksa osamaksete kaupa!<\/strong><\/p><p>ESTO &nbsp;j\u00e4relmaksu puhul on tegemist \u00fclimalt kiire ning mugava makselahendusega, mis aitab koostada sulle sinu poolt valitud perioodi alusel maksegraafiku. Makselahendus teeb otsuse reaalajas ning aitab ostu sooritada v\u00e4hem kui 60 sekundiga.<\/p><p>Lisa sobivad tooted ostukorvi, kinnita oma tellimus ning vali makseviisidest ESTO j\u00e4relmaks. Ostu kinnitamisel vali endale sobiv periood, igakuise osamakse suurus ning digiallkirjasta mugavalt ID-kaardi, Smart-ID v\u00f5i Mobiili-ID abil.<\/p><ul><li>ESTO j\u00e4relmaksu saavad taotleda k\u00f5ik 18-70-aastased Eesti Vabariigi kodanikud.<\/li>\n\n<li>ESTO j\u00e4relmaks on v\u00f5imalik vormistada kiirelt ja mugavalt ka juriidilisele isikule.<\/li>\n\n<li>ESTO j\u00e4relmaksu pakub ja haldab ESTO AS.&nbsp;<\/li><\/ul><p><strong>T\u00c4HELEPANU! <\/strong>Iga j\u00e4relmaks on finantskohustus. Enne j\u00e4relmaksulepingu s\u00f5lmimist tutvuge vastava teenuse tingimustega ning vajadusel konsulteerige asjatundjaga. <em>ESTO AS j\u00e4relmaksu krediidi kulukuse m\u00e4\u00e4r on 23.63% aastas j\u00e4rgmistel n\u00e4idistingimustel: krediidi summa 1490 EUR, kauba\/teenuse maksumus 1490 EUR, sissemakse 0%, fikseeritud intressim\u00e4\u00e4r 11.90%, lepingutasu 0 EUR, krediidi kogusumma ja tagasimaksete summa 1844.64 EUR eeldusel, et krediit tagastatakse 24 kuu jooksul igakuiste v\u00f5rdsete osamaksetena suuruses 76.86 EUR. Tutvu enne lepingu s\u00f5lmimist tingimustega ja vajadusel konsulteeri spetsialistiga. J\u00e4relmaksu pakub ja haldab ESTO AS.<\/em><\/p><p><strong>MIS ON ESTO? <\/strong><\/p><p>ESTO on finantsteenuseid pakkuv ettev\u00f5te, mille algusaeg ulatub aastasse 2016. Br\u00e4nd sai alguse vajadusest uue generatsiooni makselahenduste j\u00e4rele, mis oleksid sobilikud nii l\u00f5pptarbijale kui ka m\u00fc\u00fcjale. T\u00e4na pakub ESTO k\u00f5ige suuremat valikut erinevaid makselahendusi Baltikumis ning ESTO partnerv\u00f5rgustikku kuulub \u00fcle 2600 koost\u00f6\u00f6partneri ja kaupluse ning \u00fcle 300 000 kliendi.<\/p><p>Tutvu tingimustega siin: <a href=\"http:\/\/www.esto.ee\">www.esto.ee<\/a><\/p><p>Vajadusel kontakteeruge ESTO AS t\u00f6\u00f6tajaga &#8211; <a href=\"mailto:info@esto.ee\">info@esto.ee<\/a> v\u00f5i <a href=\"http:\/\/www.esto.ee\">www.esto.ee<\/a> LIVE chat-aknas.<strong><\/strong><\/p><figure class=\"wp-block-image alignwide size-full\"><img loading=\"lazy\" decoding=\"async\" width=\"1000\" height=\"523\" src=\"http:\/\/seicom.ee\/epood\/wp-content\/uploads\/2023\/03\/web_banner_16_EE.jpg\" alt=\"\" class=\"wp-image-9835\" srcset=\"https:\/\/seicom.ee\/epood\/wp-content\/uploads\/2023\/03\/web_banner_16_EE.jpg 1000w, https:\/\/seicom.ee\/epood\/wp-content\/uploads\/2023\/03\/web_banner_16_EE-300x157.jpg 300w, https:\/\/seicom.ee\/epood\/wp-content\/uploads\/2023\/03\/web_banner_16_EE-768x402.jpg 768w, https:\/\/seicom.ee\/epood\/wp-content\/uploads\/2023\/03\/web_banner_16_EE-956x500.jpg 956w, https:\/\/seicom.ee\/epood\/wp-content\/uploads\/2023\/03\/web_banner_16_EE-600x314.jpg 600w\" sizes=\"(max-width: 1000px) 100vw, 1000px\" \/><\/figure><div style=\"height:29px\" aria-hidden=\"true\" class=\"wp-block-spacer\"><\/div><p class=\"has-medium-font-size\"><strong>ESTO 3 makseviis on innovatiivne lahendus, mis v\u00f5imaldab ostu kinnitada ja tasuda mugavalt ning kiirelt &#8211; kolmes v\u00f5rdses osas, ilma lisatasudeta!<\/strong><\/p><p>Vali e-poe kassas oma ostude eest tasumiseks \u00fclimalt populaarne ESTO 3-osaline makseviis!<\/p><p>ESTO 3 aitab jagada ostusumma kuni 3-ks v\u00f5rdseks osaks.<\/p><ul><li>\u00dchtegi lisatasu ei lisandu.<\/li>\n\n<li>Lihtsalt kolm v\u00f5rdses osas makset, kolme kuu jooksul.<\/li>\n\n<li>Esimene makse on alles j\u00e4rgmise kuu 15. kuup\u00e4eval.<\/li><\/ul><p>ESTO 3 makseviisi pakub ja haldab ESTO AS.<\/p><p><\/p><p class=\"has-medium-font-size\"><strong>MIS ON ESTO?<\/strong><\/p><p>ESTO on finantsteenuseid pakkuv ettev\u00f5te, mille algusaeg ulatub aastasse 2016. Br\u00e4nd sai alguse vajadusest uue generatsiooni makselahenduste j\u00e4rele, mis oleksid sobilikud nii l\u00f5pptarbijale kui ka m\u00fc\u00fcjale. T\u00e4na pakub ESTO k\u00f5ige suuremat valikut erinevaid makselahendusi Baltikumis ning ESTO partnerv\u00f5rgustikku kuulub \u00fcle 2600 koost\u00f6\u00f6partneri ja kaupluse ning \u00fcle 300 000 kliendi.<\/p><p>Tutvu tingimustega siin: <a href=\"http:\/\/www.esto.ee\">www.esto.ee<\/a><\/p><p>Vajadusel kontakteeruge ESTO AS t\u00f6\u00f6tajaga &#8211; <a href=\"mailto:info@esto.ee\">info@esto.ee<\/a> v\u00f5i <a href=\"http:\/\/www.esto.ee\">www.esto.ee<\/a> LIVE chat-aknas.<\/p><p><\/p><p><\/p><div class=\"wp-block-columns is-layout-flex wp-container-core-columns-is-layout-1 wp-block-columns-is-layout-flex\"><\/div>","protected":false},"excerpt":{"rendered":"<p>Esto j\u00e4relmaks: Ei soovi maksta kogu summat korraga? Maksa osamaksete kaupa! ESTO &nbsp;j\u00e4relmaksu puhul on tegemist \u00fclimalt kiire ning mugava makselahendusega, mis aitab koostada sulle sinu poolt valitud perioodi alusel maksegraafiku. Makselahendus teeb otsuse reaalajas ning aitab ostu sooritada v\u00e4hem kui 60 sekundiga. Lisa sobivad tooted ostukorvi, kinnita oma tellimus ning vali makseviisidest ESTO j\u00e4relmaks. [&hellip;]<\/p>\n","protected":false},"author":2382,"featured_media":0,"parent":0,"menu_order":0,"comment_status":"closed","ping_status":"closed","template":"page-jarelmaks.php","meta":{"_acf_changed":false,"om_disable_all_campaigns":false,"_exactmetrics_skip_tracking":false,"_exactmetrics_sitenote_active":false,"_exactmetrics_sitenote_note":"","_exactmetrics_sitenote_category":0,"_monsterinsights_skip_tracking":false,"_monsterinsights_sitenote_active":false,"_monsterinsights_sitenote_note":"","_monsterinsights_sitenote_category":0,"_uf_show_specific_survey":0,"_uf_disable_surveys":false,"footnotes":""},"acf":[],"aioseo_notices":[],"_links":{"self":[{"href":"https:\/\/seicom.ee\/epood\/wp-json\/wp\/v2\/pages\/9421"}],"collection":[{"href":"https:\/\/seicom.ee\/epood\/wp-json\/wp\/v2\/pages"}],"about":[{"href":"https:\/\/seicom.ee\/epood\/wp-json\/wp\/v2\/types\/page"}],"author":[{"embeddable":true,"href":"https:\/\/seicom.ee\/epood\/wp-json\/wp\/v2\/users\/2382"}],"replies":[{"embeddable":true,"href":"https:\/\/seicom.ee\/epood\/wp-json\/wp\/v2\/comments?post=9421"}],"version-history":[{"count":5,"href":"https:\/\/seicom.ee\/epood\/wp-json\/wp\/v2\/pages\/9421\/revisions"}],"predecessor-version":[{"id":10100,"href":"https:\/\/seicom.ee\/epood\/wp-json\/wp\/v2\/pages\/9421\/revisions\/10100"}],"wp:attachment":[{"href":"https:\/\/seicom.ee\/epood\/wp-json\/wp\/v2\/media?parent=9421"}],"curies":[{"name":"wp","href":"https:\/\/api.w.org\/{rel}","templated":true}]}}