{"id":9002,"date":"2022-11-08T14:58:49","date_gmt":"2022-11-08T12:58:49","guid":{"rendered":"http:\/\/seicom.ee\/epood\/?page_id=9002"},"modified":"2024-01-12T11:35:41","modified_gmt":"2024-01-12T09:35:41","slug":"pvc-aknad","status":"publish","type":"page","link":"https:\/\/seicom.ee\/epood\/pvc-aknad\/","title":{"rendered":"PVC"},"content":{"rendered":"<p>PVC aknad ja uksed saad meie e-poest tellida kiirelt ning mugavalt kodust lahkumata.<\/p><p>SeiCom on aknaid ja uksi tootnud \u00fcle 20 aasta. Pikaajalise kogemuse tulemusel on SeiComist saanud ainus Eesti ettev\u00f5te, kes pakub nii PVC, puit, puitalumiinium kui ka alumiinium uksi, aknaid ja fasaadilahendusi. Pakume oma klientidele p\u00f5hjamaist kvaliteeti, kiiret tarnet ja pikaajalist kogemust akende ning uste tootmisel. <\/p><p>K\u00f5igi SeiComi toodetega saad <a href=\"https:\/\/www.seicom.ee\/arikliendile\/pvc\/\">tutvuda siin<\/a>.<\/p><p>Kuidas valida endale sobivaim akna ja ukse lahendus saad <a href=\"http:\/\/seicom.ee\/epood\/kuidas-valida-sobiv-aken-voi-uks\/\">lugeda siit.<\/a><\/p><figure class=\"wp-block-image size-large\"><img loading=\"lazy\" decoding=\"async\" width=\"1024\" height=\"683\" src=\"http:\/\/seicom.ee\/epood\/wp-content\/uploads\/2024\/01\/seicom_ee_fotograaf_kinnisvara_2020_marko_randoja_com-71-1024x683.jpg\" alt=\"PVC aknad\" class=\"wp-image-10499\" srcset=\"https:\/\/seicom.ee\/epood\/wp-content\/uploads\/2024\/01\/seicom_ee_fotograaf_kinnisvara_2020_marko_randoja_com-71-1024x683.jpg 1024w, https:\/\/seicom.ee\/epood\/wp-content\/uploads\/2024\/01\/seicom_ee_fotograaf_kinnisvara_2020_marko_randoja_com-71-300x200.jpg 300w, https:\/\/seicom.ee\/epood\/wp-content\/uploads\/2024\/01\/seicom_ee_fotograaf_kinnisvara_2020_marko_randoja_com-71-768x512.jpg 768w, https:\/\/seicom.ee\/epood\/wp-content\/uploads\/2024\/01\/seicom_ee_fotograaf_kinnisvara_2020_marko_randoja_com-71-1536x1024.jpg 1536w, https:\/\/seicom.ee\/epood\/wp-content\/uploads\/2024\/01\/seicom_ee_fotograaf_kinnisvara_2020_marko_randoja_com-71-2048x1365.jpg 2048w, https:\/\/seicom.ee\/epood\/wp-content\/uploads\/2024\/01\/seicom_ee_fotograaf_kinnisvara_2020_marko_randoja_com-71-750x500.jpg 750w, https:\/\/seicom.ee\/epood\/wp-content\/uploads\/2024\/01\/seicom_ee_fotograaf_kinnisvara_2020_marko_randoja_com-71-600x400.jpg 600w\" sizes=\"(max-width: 1024px) 100vw, 1024px\" \/><\/figure>","protected":false},"excerpt":{"rendered":"<p>PVC aknad ja uksed saad meie e-poest tellida kiirelt ning mugavalt kodust lahkumata. SeiCom on aknaid ja uksi tootnud \u00fcle 20 aasta. Pikaajalise kogemuse tulemusel on SeiComist saanud ainus Eesti ettev\u00f5te, kes pakub nii PVC, puit, puitalumiinium kui ka alumiinium uksi, aknaid ja fasaadilahendusi. Pakume oma klientidele p\u00f5hjamaist kvaliteeti, kiiret tarnet ja pikaajalist kogemust akende [&hellip;]<\/p>\n","protected":false},"author":2382,"featured_media":0,"parent":0,"menu_order":0,"comment_status":"closed","ping_status":"closed","template":"page-pvc.php","meta":{"_acf_changed":false,"om_disable_all_campaigns":false,"_exactmetrics_skip_tracking":false,"_exactmetrics_sitenote_active":false,"_exactmetrics_sitenote_note":"","_exactmetrics_sitenote_category":0,"_monsterinsights_skip_tracking":false,"_monsterinsights_sitenote_active":false,"_monsterinsights_sitenote_note":"","_monsterinsights_sitenote_category":0,"_uf_show_specific_survey":0,"_uf_disable_surveys":false,"footnotes":""},"acf":[],"aioseo_notices":[],"_links":{"self":[{"href":"https:\/\/seicom.ee\/epood\/wp-json\/wp\/v2\/pages\/9002"}],"collection":[{"href":"https:\/\/seicom.ee\/epood\/wp-json\/wp\/v2\/pages"}],"about":[{"href":"https:\/\/seicom.ee\/epood\/wp-json\/wp\/v2\/types\/page"}],"author":[{"embeddable":true,"href":"https:\/\/seicom.ee\/epood\/wp-json\/wp\/v2\/users\/2382"}],"replies":[{"embeddable":true,"href":"https:\/\/seicom.ee\/epood\/wp-json\/wp\/v2\/comments?post=9002"}],"version-history":[{"count":3,"href":"https:\/\/seicom.ee\/epood\/wp-json\/wp\/v2\/pages\/9002\/revisions"}],"predecessor-version":[{"id":10502,"href":"https:\/\/seicom.ee\/epood\/wp-json\/wp\/v2\/pages\/9002\/revisions\/10502"}],"wp:attachment":[{"href":"https:\/\/seicom.ee\/epood\/wp-json\/wp\/v2\/media?parent=9002"}],"curies":[{"name":"wp","href":"https:\/\/api.w.org\/{rel}","templated":true}]}}