{"id":8993,"date":"2022-11-08T14:57:06","date_gmt":"2022-11-08T12:57:06","guid":{"rendered":"http:\/\/seicom.ee\/epood\/?page_id=8993"},"modified":"2022-11-08T23:49:13","modified_gmt":"2022-11-08T21:49:13","slug":"kuidas-votta-oigesti-akende-ja-uste-moodud","status":"publish","type":"page","link":"https:\/\/seicom.ee\/epood\/kuidas-votta-oigesti-akende-ja-uste-moodud\/","title":{"rendered":"Kuidas v\u00f5tta \u00f5igesti akende ja uste m\u00f5\u00f5dud?"},"content":{"rendered":"<p>Tellides endale uut akent v\u00f5i ust on v\u00e4ga oluline, et sisestate kohe algselt \u00f5iged m\u00f5\u00f5dud ehk alati akna\/ukse lengi v\u00e4lism\u00f5\u00f5dud (laius x k\u00f5rgus). M\u00f5\u00f5tke k\u00f5igepealt tootele m\u00f5eldud ava laius ja k\u00f5rgus, laius m\u00f5\u00f5da palest paleni ja k\u00f5rgus m\u00f5\u00f5da aknalauast\/alumisest palest \u00fclemise paleni (PVC akendele ja r\u00f5duustele lisandub akna alla \u00e4\u00e4rde alusprofiil k\u00f5rgusega 30mm). Kui olete saanud k\u00e4tte ava m\u00f5\u00f5dud, siis lahutate m\u00f5lemast tulemusest -30mm, nii j\u00e4\u00e4b \u00fcmber toote vajalik paigaldus- ja soojustusvahe 15mm. Juhul kui aken v\u00f5i uks on mitmeavaline, siis m\u00f5\u00f5tke toote jagunemine osadeks, m\u00f5\u00f5tes lengi v\u00e4limisest servast jaotusposti keskele.<\/p><figure class=\"wp-block-image size-large\"><img loading=\"lazy\" decoding=\"async\" width=\"1024\" height=\"519\" src=\"http:\/\/seicom.ee\/epood\/wp-content\/uploads\/2022\/11\/Mootmine-1024x519.png\" alt=\"\" class=\"wp-image-8994\" srcset=\"https:\/\/seicom.ee\/epood\/wp-content\/uploads\/2022\/11\/Mootmine-1024x519.png 1024w, https:\/\/seicom.ee\/epood\/wp-content\/uploads\/2022\/11\/Mootmine-300x152.png 300w, https:\/\/seicom.ee\/epood\/wp-content\/uploads\/2022\/11\/Mootmine-768x389.png 768w, https:\/\/seicom.ee\/epood\/wp-content\/uploads\/2022\/11\/Mootmine-1536x778.png 1536w, https:\/\/seicom.ee\/epood\/wp-content\/uploads\/2022\/11\/Mootmine-987x500.png 987w, https:\/\/seicom.ee\/epood\/wp-content\/uploads\/2022\/11\/Mootmine-600x304.png 600w, https:\/\/seicom.ee\/epood\/wp-content\/uploads\/2022\/11\/Mootmine.png 1555w\" sizes=\"(max-width: 1024px) 100vw, 1024px\" \/><\/figure>","protected":false},"excerpt":{"rendered":"<p>Tellides endale uut akent v\u00f5i ust on v\u00e4ga oluline, et sisestate kohe algselt \u00f5iged m\u00f5\u00f5dud ehk alati akna\/ukse lengi v\u00e4lism\u00f5\u00f5dud (laius x k\u00f5rgus). M\u00f5\u00f5tke k\u00f5igepealt tootele m\u00f5eldud ava laius ja k\u00f5rgus, laius m\u00f5\u00f5da palest paleni ja k\u00f5rgus m\u00f5\u00f5da aknalauast\/alumisest palest \u00fclemise paleni (PVC akendele ja r\u00f5duustele lisandub akna alla \u00e4\u00e4rde alusprofiil k\u00f5rgusega 30mm). Kui olete [&hellip;]<\/p>\n","protected":false},"author":2382,"featured_media":0,"parent":0,"menu_order":0,"comment_status":"closed","ping_status":"closed","template":"page-kuidas.php","meta":{"_acf_changed":false,"om_disable_all_campaigns":false,"_exactmetrics_skip_tracking":false,"_exactmetrics_sitenote_active":false,"_exactmetrics_sitenote_note":"","_exactmetrics_sitenote_category":0,"_monsterinsights_skip_tracking":false,"_monsterinsights_sitenote_active":false,"_monsterinsights_sitenote_note":"","_monsterinsights_sitenote_category":0,"_uf_show_specific_survey":0,"_uf_disable_surveys":false,"footnotes":""},"acf":[],"aioseo_notices":[],"_links":{"self":[{"href":"https:\/\/seicom.ee\/epood\/wp-json\/wp\/v2\/pages\/8993"}],"collection":[{"href":"https:\/\/seicom.ee\/epood\/wp-json\/wp\/v2\/pages"}],"about":[{"href":"https:\/\/seicom.ee\/epood\/wp-json\/wp\/v2\/types\/page"}],"author":[{"embeddable":true,"href":"https:\/\/seicom.ee\/epood\/wp-json\/wp\/v2\/users\/2382"}],"replies":[{"embeddable":true,"href":"https:\/\/seicom.ee\/epood\/wp-json\/wp\/v2\/comments?post=8993"}],"version-history":[{"count":2,"href":"https:\/\/seicom.ee\/epood\/wp-json\/wp\/v2\/pages\/8993\/revisions"}],"predecessor-version":[{"id":9085,"href":"https:\/\/seicom.ee\/epood\/wp-json\/wp\/v2\/pages\/8993\/revisions\/9085"}],"wp:attachment":[{"href":"https:\/\/seicom.ee\/epood\/wp-json\/wp\/v2\/media?parent=8993"}],"curies":[{"name":"wp","href":"https:\/\/api.w.org\/{rel}","templated":true}]}}