{"id":8991,"date":"2022-11-08T14:54:48","date_gmt":"2022-11-08T12:54:48","guid":{"rendered":"http:\/\/seicom.ee\/epood\/?page_id=8991"},"modified":"2024-01-12T15:52:58","modified_gmt":"2024-01-12T13:52:58","slug":"kuidas-valida-sobiv-aken-voi-uks","status":"publish","type":"page","link":"https:\/\/seicom.ee\/epood\/kuidas-valida-sobiv-aken-voi-uks\/","title":{"rendered":"Kuidas valida sobiv aken v\u00f5i uks?"},"content":{"rendered":"<p>Hoone energias\u00e4\u00e4stlikkus s\u00f5ltub mitmest seda m\u00f5jutavast tegurist. Suur t\u00e4htsus on siin \u00f5igesti valitud ja paigaldatud akendel ning ustel. Valik s\u00f5ltub palju ka hoonest endast ning toote arhitektuurilisest sobivusest. Esimesena&nbsp;tuleks otsustada, mis materjalist toodet soovite. SeiCom pakub p\u00f5hjamaise kvaliteediga PVC, puit, puitalumiinium ja alumiinium aknaid ning uksi ka k\u00f5ige n\u00f5udlikumale kliendile.<\/p><p><strong>PVC aknad ja uksed<\/strong> on hinna poolest soodsaimad. T\u00e4nap\u00e4eval on need tooted v\u00e4ga kvaliteetsed ning vastavad k\u00f5ikidele n\u00f5uetele ja standarditele. PVC aknad sobivad h\u00e4sti meie heitlikku kliimasse ning neid on lihtne hooldada. Need j\u00e4tavad modernse ilme ning on kvaliteetsed ja soojapidavad. Kindlasti on tegu toodetega, mille hinna ja kvaliteedi suhe on parim!<br>SeiComi PVC aknad ja uksed saad lihtsalt tellida<a href=\"http:\/\/seicom.ee\/epood\/pvc-aknad\/\"> meie e-poest.<\/a> L\u00fckand- ja voldikuste tellimiseks <a href=\"https:\/\/www.seicom.ee\/vota-uhendust\/\">v\u00f5ta \u00fchendust meie m\u00fc\u00fcgispetsialistiga<\/a>.<br><a href=\"https:\/\/www.seicom.ee\/arikliendile\/pvc\/\">Rohkem infot SeiComi PVC toodete kohta leiad siit.<\/a><\/p><p><strong>Puitaknad ja -uksed<\/strong> on naturaalsed ning ekslusiivse v\u00e4limusega. Puit on traditsiooniline materjal, mis tagab sooja ja hubase sisekliima. Palju erinevaid kujundusv\u00f5imalusi t\u00e4nu suurele v\u00e4rvivalikule. Puitaknad ja- uksed sobivad h\u00e4sti nii uutele kui ka vanadele hoonetele. Akendel ja ustel on v\u00e4ga hea soojus- ja m\u00fcraisolatsioon, lisaks on nad keskkonnas\u00f5bralikud ja kergesti hooldatavad.<br>SeiComi puitaknad saad lihtsalt tellida <a href=\"http:\/\/seicom.ee\/epood\/puitaknad\/\">meie e-poest.<\/a> Uste, l\u00fckand- ja voldikuste tellimiseks <a href=\"https:\/\/www.seicom.ee\/vota-uhendust\/\">v\u00f5ta \u00fchendust meie m\u00fc\u00fcgispetsialistiga.<\/a><br><a href=\"https:\/\/www.seicom.ee\/arikliendile\/puit-ja-puitalumiinium\/\">Rohkem infot SeiComi puit toodete kohta leiad siit.<\/a><\/p><p><strong>Puitalumiinium aknad ja uksed<\/strong> on konstruktsioonilt identsed puitakendega. Erinevalt tavalisest puitaknast, mille raami-ja lengi alaosa on kaitstud alumiiniumprofiilidega, on puitalumiinium akna v\u00e4liskonstruktsioonid kogu ulatuses kaetud alumiiniumprofiilidega, mis tagab aknale efektiivseima kaitse v\u00e4lism\u00f5jude eest ning annab lihtsa ja mugava hooldatavuse. N\u00e4iteks ligi 90% Euroopa aknaostjatest eelistab akna valikul just Saksa t\u00fc\u00fcpi \u00fcheraamset akent, kuna see on v\u00e4ga praktiline toode ning seda on lihtne kasutada ja mugav hooldada.<br>SeiComi puitalumiinium aknad saad lihtsalt tellida <a href=\"http:\/\/seicom.ee\/epood\/puitalumiinium-aknad\/\">meie e-poest<\/a>. Uste, l\u00fckand- ja voldikuste tellimiseks <a href=\"https:\/\/www.seicom.ee\/vota-uhendust\/\">v\u00f5ta \u00fchendust meie m\u00fc\u00fcgispetsialistiga.<\/a><br><a href=\"https:\/\/www.seicom.ee\/arikliendile\/puit-ja-puitalumiinium\/\">Rohkem infot SeiComi puit toodete kohta leiad siit.<\/a><\/p><p><strong>Alumiiniumakende ja -uste<\/strong> eeliseks on tasane ja sile pind ning lai pinnaviimistluse valik. Alumiinium on \u00fcks vastupidavamatest ehitusmaterjalidest, mis ei n\u00f5ua erilist hoolt, tagab k\u00f5rge turvalisuse ja on korrosioonikindel. Alumiiniumaknad ja -uksed on suurep\u00e4rane valik erinevate arhitektuuriliste ideede jaoks, mis n\u00f5uavad ambitsioonikaid ja uuenduslikke lahendusi. <br>Alumiiniumakende ja -uste tellimiseks <a href=\"https:\/\/www.seicom.ee\/vota-uhendust\/\">v\u00f5ta \u00fchendust meie m\u00fc\u00fcgispetsialistiga.<\/a><br><a href=\"https:\/\/www.seicom.ee\/arikliendile\/alumiinium\/\">Rohkem infot SeiComi alumiinium toodete kohta leiad siit<\/a>.<\/p>","protected":false},"excerpt":{"rendered":"<p>Hoone energias\u00e4\u00e4stlikkus s\u00f5ltub mitmest seda m\u00f5jutavast tegurist. Suur t\u00e4htsus on siin \u00f5igesti valitud ja paigaldatud akendel ning ustel. Valik s\u00f5ltub palju ka hoonest endast ning toote arhitektuurilisest sobivusest. Esimesena&nbsp;tuleks otsustada, mis materjalist toodet soovite. SeiCom pakub p\u00f5hjamaise kvaliteediga PVC, puit, puitalumiinium ja alumiinium aknaid ning uksi ka k\u00f5ige n\u00f5udlikumale kliendile. PVC aknad ja uksed on [&hellip;]<\/p>\n","protected":false},"author":2382,"featured_media":0,"parent":0,"menu_order":0,"comment_status":"closed","ping_status":"closed","template":"page-kuidas.php","meta":{"_acf_changed":false,"om_disable_all_campaigns":false,"_exactmetrics_skip_tracking":false,"_exactmetrics_sitenote_active":false,"_exactmetrics_sitenote_note":"","_exactmetrics_sitenote_category":0,"_monsterinsights_skip_tracking":false,"_monsterinsights_sitenote_active":false,"_monsterinsights_sitenote_note":"","_monsterinsights_sitenote_category":0,"_uf_show_specific_survey":0,"_uf_disable_surveys":false,"footnotes":""},"acf":[],"aioseo_notices":[],"_links":{"self":[{"href":"https:\/\/seicom.ee\/epood\/wp-json\/wp\/v2\/pages\/8991"}],"collection":[{"href":"https:\/\/seicom.ee\/epood\/wp-json\/wp\/v2\/pages"}],"about":[{"href":"https:\/\/seicom.ee\/epood\/wp-json\/wp\/v2\/types\/page"}],"author":[{"embeddable":true,"href":"https:\/\/seicom.ee\/epood\/wp-json\/wp\/v2\/users\/2382"}],"replies":[{"embeddable":true,"href":"https:\/\/seicom.ee\/epood\/wp-json\/wp\/v2\/comments?post=8991"}],"version-history":[{"count":5,"href":"https:\/\/seicom.ee\/epood\/wp-json\/wp\/v2\/pages\/8991\/revisions"}],"predecessor-version":[{"id":10518,"href":"https:\/\/seicom.ee\/epood\/wp-json\/wp\/v2\/pages\/8991\/revisions\/10518"}],"wp:attachment":[{"href":"https:\/\/seicom.ee\/epood\/wp-json\/wp\/v2\/media?parent=8991"}],"curies":[{"name":"wp","href":"https:\/\/api.w.org\/{rel}","templated":true}]}}