{"id":8450,"date":"2022-08-22T16:00:44","date_gmt":"2022-08-22T13:00:44","guid":{"rendered":"http:\/\/seicom.ee\/epood\/?page_id=8450"},"modified":"2026-04-15T11:49:34","modified_gmt":"2026-04-15T08:49:34","slug":"laojaak-aknad","status":"publish","type":"page","link":"https:\/\/seicom.ee\/epood\/laojaak-aknad\/","title":{"rendered":"Leiunurk"},"content":{"rendered":"<p>SeiCom on aknaid ja uksi tootnud \u00fcle 20 aasta. Pikaajalise kogemuse tulemusel on SeiComist saanud ainus Eesti ettev\u00f5te, kes pakub nii PVC, puit, puitalumiinium kui ka alumiinium uksi, aknaid ja fasaadilahendusi. Lehelt laoj\u00e4\u00e4k &#8211; aknad ja uksed leiad parimad pakkumised akendele ja ustele, mis on sattunud laoj\u00e4\u00e4ki.<\/p><p>K\u00f5igi SeiComi toodetega saad <a href=\"https:\/\/www.seicom.ee\/arikliendile\/pvc\/\">tutvuda siin<\/a>.<\/p><p>Kiirelt ja mugavalt saad aknaid ja uksi tellida <a href=\"http:\/\/seicom.ee\/epood\/\">SeiComi e-poest!<\/a><\/p><figure class=\"wp-block-image size-large\"><img loading=\"lazy\" decoding=\"async\" width=\"1024\" height=\"683\" class=\"wp-image-10480\" src=\"http:\/\/seicom.ee\/epood\/wp-content\/uploads\/2024\/01\/seicom_ee_fotograaf_kinnisvara_2020_marko_randoja_com-90-1024x683.jpg\" alt=\"\" srcset=\"https:\/\/seicom.ee\/epood\/wp-content\/uploads\/2024\/01\/seicom_ee_fotograaf_kinnisvara_2020_marko_randoja_com-90-1024x683.jpg 1024w, https:\/\/seicom.ee\/epood\/wp-content\/uploads\/2024\/01\/seicom_ee_fotograaf_kinnisvara_2020_marko_randoja_com-90-300x200.jpg 300w, https:\/\/seicom.ee\/epood\/wp-content\/uploads\/2024\/01\/seicom_ee_fotograaf_kinnisvara_2020_marko_randoja_com-90-768x512.jpg 768w, https:\/\/seicom.ee\/epood\/wp-content\/uploads\/2024\/01\/seicom_ee_fotograaf_kinnisvara_2020_marko_randoja_com-90-1536x1024.jpg 1536w, https:\/\/seicom.ee\/epood\/wp-content\/uploads\/2024\/01\/seicom_ee_fotograaf_kinnisvara_2020_marko_randoja_com-90-2048x1365.jpg 2048w, https:\/\/seicom.ee\/epood\/wp-content\/uploads\/2024\/01\/seicom_ee_fotograaf_kinnisvara_2020_marko_randoja_com-90-750x500.jpg 750w, https:\/\/seicom.ee\/epood\/wp-content\/uploads\/2024\/01\/seicom_ee_fotograaf_kinnisvara_2020_marko_randoja_com-90-600x400.jpg 600w\" sizes=\"(max-width: 1024px) 100vw, 1024px\" \/><\/figure>","protected":false},"excerpt":{"rendered":"<p>SeiCom on aknaid ja uksi tootnud \u00fcle 20 aasta. Pikaajalise kogemuse tulemusel on SeiComist saanud ainus Eesti ettev\u00f5te, kes pakub nii PVC, puit, puitalumiinium kui ka alumiinium uksi, aknaid ja fasaadilahendusi. Lehelt laoj\u00e4\u00e4k &#8211; aknad ja uksed leiad parimad pakkumised akendele ja ustele, mis on sattunud laoj\u00e4\u00e4ki. K\u00f5igi SeiComi toodetega saad tutvuda siin. Kiirelt ja [&hellip;]<\/p>\n","protected":false},"author":2382,"featured_media":0,"parent":0,"menu_order":0,"comment_status":"closed","ping_status":"closed","template":"page-leiunurk.php","meta":{"_acf_changed":false,"om_disable_all_campaigns":false,"_exactmetrics_skip_tracking":false,"_exactmetrics_sitenote_active":false,"_exactmetrics_sitenote_note":"","_exactmetrics_sitenote_category":0,"_monsterinsights_skip_tracking":false,"_monsterinsights_sitenote_active":false,"_monsterinsights_sitenote_note":"","_monsterinsights_sitenote_category":0,"_uf_show_specific_survey":0,"_uf_disable_surveys":false,"footnotes":""},"acf":[],"aioseo_notices":[],"_links":{"self":[{"href":"https:\/\/seicom.ee\/epood\/wp-json\/wp\/v2\/pages\/8450"}],"collection":[{"href":"https:\/\/seicom.ee\/epood\/wp-json\/wp\/v2\/pages"}],"about":[{"href":"https:\/\/seicom.ee\/epood\/wp-json\/wp\/v2\/types\/page"}],"author":[{"embeddable":true,"href":"https:\/\/seicom.ee\/epood\/wp-json\/wp\/v2\/users\/2382"}],"replies":[{"embeddable":true,"href":"https:\/\/seicom.ee\/epood\/wp-json\/wp\/v2\/comments?post=8450"}],"version-history":[{"count":6,"href":"https:\/\/seicom.ee\/epood\/wp-json\/wp\/v2\/pages\/8450\/revisions"}],"predecessor-version":[{"id":12026,"href":"https:\/\/seicom.ee\/epood\/wp-json\/wp\/v2\/pages\/8450\/revisions\/12026"}],"wp:attachment":[{"href":"https:\/\/seicom.ee\/epood\/wp-json\/wp\/v2\/media?parent=8450"}],"curies":[{"name":"wp","href":"https:\/\/api.w.org\/{rel}","templated":true}]}}