{"id":3863,"date":"2018-06-07T08:56:57","date_gmt":"2018-06-07T05:56:57","guid":{"rendered":"http:\/\/seicom.ee\/epood\/?page_id=3863"},"modified":"2023-08-07T16:31:08","modified_gmt":"2023-08-07T13:31:08","slug":"privaatsustingimused","status":"publish","type":"page","link":"https:\/\/seicom.ee\/epood\/privaatsustingimused\/","title":{"rendered":"Privaatsustingimused"},"content":{"rendered":"<p>Meie eesm\u00e4rgiks on pakkuda Teile kvaliteetseid, erilahendusega aknaid ja uksi l\u00e4bi mugava veebikanali. Sama p\u00f5hit\u00f5de rakendame ka Teie isikuandmete kogumisel ja t\u00f6\u00f6tlemisel.<br \/>\nKirjutasime selle privaatsustingimuste dokumendi selgitamaks, millist informatsiooni me Kasutajate kohta kogume ning mis eesm\u00e4rgil seda rakendame. Anname endast parima, et meie seisukohad oleksid kergesti m\u00f5istetavad ning \u00fcheti arusaadavad.<\/p>\n<h3>Informatsiooni kogumiseks kasutame j\u00e4rgnevaid viise:<\/h3>\n<ol>\n<li>Kui Sa oma informatsiooni meiega jagad v\u00f5i annad meile \u00f5iguse seda koguda Seicom.ee-veebipoodi kasutades, k\u00fcsitakse teilt Kasutajana luba rakendada Teie kohta k\u00e4ivat informatsiooni. Teie kohta kogutava informatsiooni hulka kuulub:<br \/>\n&#8211; Eesnimi,<br \/>\n&#8211; Perekonnanimi,<br \/>\n&#8211; Telefoni number,<br \/>\n&#8211; E-mail aadress,<br \/>\n&#8211; F\u00fc\u00fcsiline tarneaadress (t\u00e4nav, maja, korter, maakond, postiindeks).<br \/>\nSellise informatsiooni hulka kuulub ka informatsioon toodete ning teenuste kohta, mida Kasutajad on endale soetanud.<\/li>\n<li>Teenust kasutades kogub veebileht k\u00fcpsiste abil ka tehnilist informatsiooni.<\/li>\n<\/ol>\n<h3><\/h3>\n<h3>K\u00fcpsised<\/h3>\n<p>Koostame ning salvestame Kasutaja k\u00fcpsiseid eesm\u00e4rgiga muuta veebipood kasutusmugavamaks. K\u00fcpsis on pisike tekstifail, mis saadetakse ja salvestatakse Kasutaja arvutisse veebilehtede poolt, mida Kasutaja k\u00fclastab. K\u00fcpsis salvestatakse Kasutaja veebilehitseja failikataloogis. Juhul, kui Kasutaja on varasemalt veebilehte k\u00fclastanud, loeb veebilehitseja k\u00fcpsist ning edastab vastava teabe elemendile, mis k\u00fcpsise algselt salvestas. K\u00fcpsiste eemaldamine on veebilehitseja p\u00f5hine ning k\u00e4ib l\u00e4bi lehitseja seadete. Lisateavet k\u00fcpsiste rakendamiste kohta saate lugeda aadressilt <a href=\"http:\/\/www.aboutcookies.org\" target=\"_blank\" rel=\"noopener\"><strong>www.aboutcookies.org<\/strong><\/a><\/p>\n<h4>Millistel eesm\u00e4rkidel k\u00fcpsiseid kasutame<\/h4>\n<ul>\n<li>Ostukorvi sisu &#8211; Ostukorvi sisu salvestades ei pea Kasutaja tehtud valikute kadumise p\u00e4rast muretsema ning saab veebilehitsejat sulgedes j\u00e4tkata j\u00e4rgmine kord t\u00e4pselt sealt, kus ta pooleli j\u00e4i.<\/li>\n<li>Sisselogimise staatus \u2013 Kasutaja sisselogimise informatsioon salvestatakse, mis t\u00e4hendab, et poodi sisenemine toimub Kasutajale korduvk\u00fclastustel automaatselt ning ei n\u00f5ua pidevat taaskontrolli.<\/li>\n<li>Google Anal\u00fc\u00fctika \u2013 Kasutaja andmed salvestatakse kasutusstatistika kogumise eesm\u00e4rgil. Lisanduvalt on Google Anal\u00fc\u00fctika andmestikus salvestatud Kasutaja IP aadress. Statistika lubab meil omada \u00fclevaadet Kasutajate k\u00e4itumisharjumuste kohta, tuues v\u00e4lja veebilehe puuduj\u00e4\u00e4ke ning muuta veebipood pikas perspektiivis rohkem personaalsemaks ning kasutajamugavamaks.<\/li>\n<\/ul>\n<h3><\/h3>\n<h3>Mida kogutud informatsiooniga teeme<\/h3>\n<p>Kogutud informatsiooni kasutame teenuse osutamise eesm\u00e4rgil. Sellest tulenevalt ei kogu me Kasutajate kohta andmeid, mis ei ole vajalikud teenuse osutamiseks. Kasutajaga seotud informatsioon on vajadusp\u00f5hiselt k\u00e4ttesaadav:<\/p>\n<ul>\n<li>Kasutajale<\/li>\n<li>Tootmis\u00fclevaatlejatele<\/li>\n<li>Veebilehte administreerivale organile<\/li>\n<li>Transporditeenust pakkuvale partnerile<\/li>\n<\/ul>\n<p>K\u00f5ik seotud partnerid jagavad meiega sarnaseid printsiipe ning hoiavad ja rakendavad Kasutaja isikuandmeid samadel p\u00f5hit\u00f5dedel. Kasutaja huvide kaitsmiseks toimub isikuandmete k\u00e4itlemine erinevate osapoolte vahel ainult lepingu alusel.<\/p>\n<p>Meie kasutame kliendi andmeid tootmise, arvete v\u00e4ljastamise ning raamatupidamislikul eesm\u00e4rgil.<\/p>\n<p>Logistikapartneritele on Kasutaja andmed olulised teenuse osutamise eesm\u00e4rgil. Ilma v\u00f5tmeandmete kogumiseta on teenuse osutamine v\u00f5imatu.<\/p>\n<p>Statistikaandmete kogumisel peame heatahtlikult silmas Kasutaja huvi kasutusmugavama teenuse saamise ning veebilehe probleemivaba t\u00f6\u00f6tamise osas. Statistikaandmed lubavad meil anal\u00fc\u00fcsida Kasutajate k\u00e4itumismudeleid veebiteenuse kasutamisel, lubades n\u00e4ha, milliseid sisulehti on enim kasutatud ning millistes kohtades satuvad Kasutajad puuduj\u00e4\u00e4kide juurde.<\/p>\n<h3>Otseturundusteated<\/h3>\n<p>E-kirja aadressi kasutatakse otseturundusteadete saatmiseks, kui Kasutaja on andnud vastava n\u00f5usoleku (n\u00f5ustudes Privaatsustingimustega). Kui Kasutaja ei soovi enam otseturundusteateid saada, tuleb valida e-kirja jaluses vastav viide v\u00f5i edastada peatamise p\u00e4ring aadressile <a href=\"mailto:andmekaitse@seicom.ee\" target=\"_blank\" rel=\"noopener\"><strong>andmekaitse@seicom.ee<\/strong><\/a><\/p>\n<p>Kui isikuandmeid t\u00f6\u00f6deldakse otseturunduse eesm\u00e4rgil, on Kasutajal \u00f5igus oma isikuandmete nii algse kui ka edasise t\u00f6\u00f6tlemise suhtes igal ajal vastuv\u00e4iteid esitada teavitades sellest kliendituge aadressil <a href=\"mailto:andmekaitse@seicom.ee\" target=\"_blank\" rel=\"noopener\"><strong>andmekaitse@seicom.ee<\/strong><\/a><\/p>\n<h3>Kuidas ja millal andmeid jagame<\/h3>\n<p>SeiCom on rahvusvaheline teenuseosutaja. Meie teenuseid kasutades n\u00f5ustute, et Teie andmeid v\u00f5idakse kasutatada teenuste osutamise eesm\u00e4rgil v\u00e4ljaspool Teie koduriiki.<\/p>\n<p>Kasutajaga seotud informatsioon on erandlikult k\u00e4ttesaadav ainult Kasutajale, tootmis\u00fclevaatlejatele, veebilehte administreerivale organile ning transporditeenust pakkuvale partnerile.<\/p>\n<p>SeiCom jagab Kasutaja andmeid ametlike v\u00f5imuorganitega, kui on piisav alus arvata, et Kasutaja k\u00e4itumise puhul on tegemist pahatahtliku eesm\u00e4rgiga ettev\u00f5ttele v\u00f5i teistele Kasutajatele.<\/p>\n<p>Pankadega suhtlemine ostude eest tasumise eesm\u00e4rgil on kr\u00fcpteeritud, tagamaks Kasutaja personaalsete pangatunnuste turvalisuse. Veebipoel puudub pangandusinfole ligip\u00e4\u00e4s.<\/p>\n<p>Muudel juhtudel edastame kolmandatele isikutele isikuandmeid \u00fcksnes juhul, kui meil on selleks olemas isiku n\u00f5usolek, kelle andmeid edastatakse.<\/p>\n<h3>Kui kaua Kasutaja informatsiooni hoiustame<\/h3>\n<p>Andmeid kasutatakse aktiivselt Kliendi huve silmas pidamise korras ning perioodil, mil andmete rakendamine on vajalik teenuse osutamise eesm\u00e4rgi t\u00e4itmiseks. Kliendi huve silmas pidades ei ole andmete hoiustamise periood ajaliselt piiratud. Andmete kustutamine k\u00e4ib kliendi kirjaliku n\u00f5ude formaadis, mis on edastatud aadressile <a href=\"mailto:andmekaitse@seicom.ee\" target=\"_blank\" rel=\"noopener\"><strong>andmekaitse@seicom.ee<\/strong><\/a>\u00a0Andmete kustutamise korras rakendame protsessi k\u00f5ikide seostuvate s\u00fcsteemide peal, kaasaarvatud meie ning partnerite varunduskoopiad.<\/p>\n<h3>Sinu kui Kasutaja \u00f5igused oma andmete haldamise osas<\/h3>\n<p>Kliendina on Sul igal ajal \u00f5igus tutvuda oma isikuandmetega, esitades vastava j\u00e4relep\u00e4ringu aadressil <a href=\"mailto:andmekaitse@seicom.ee\" target=\"_blank\" rel=\"noopener\"><strong>andmekaitse@seicom.ee<\/strong><\/a>\u00a0Tutvuda ei saa isikuandmetega, kui selline \u00f5igus on \u00f5igusaktidega piiratud.<\/p>\n<p>Kasutajal on igal ajal \u00f5igus tagasi v\u00f5tta oma n\u00f5usolek isikuandmete t\u00f6\u00f6tlemiseks, v\u00e4lja arvatud juhul, kui isikuandmete t\u00f6\u00f6tlemine on seaduse kohaselt lubatud ilma Sinu n\u00f5usolekuta. N\u00f5usoleku tagasiv\u00f5tmine ei m\u00f5juta enne tagasiv\u00f5tmist n\u00f5usoleku alusel toimunud andmete t\u00f6\u00f6tlemise \u00f5igusp\u00e4rasust.<\/p>\n<p>Juhul kui leiad, et Sinu isikuandmeid ei t\u00f6\u00f6delda lepingutingimustega v\u00f5i \u00f5igusaktidega etten\u00e4htud korras on Sul \u00f5igus n\u00f5uda teenust osutavalt ettev\u00f5ttelt SeiCom oma isikuandmete t\u00f6\u00f6tlemise ja ligip\u00e4\u00e4su v\u00f5imaldamise l\u00f5petamist ning kogutud andmete kustutamist. Vastava p\u00f6\u00f6rdumise v\u00f5id esitada teenuseosutaja SeiCom poole aadressil <a href=\"mailto:andmekaitse@seicom.ee\" target=\"_blank\" rel=\"noopener\"><strong>andmekaitse@seicom.ee<\/strong><\/a>\u00a0v\u00f5i v\u00f5tta \u00fchendust Andmekaitse inspektsiooniga <a href=\"http:\/\/www.aki.ee\" target=\"_blank\" rel=\"noopener\"><strong>www.aki.ee<\/strong><\/a><\/p>\n<h3>Kuidas meiega \u00fchendust v\u00f5tta<\/h3>\n<p>Privaatsustingimustega seonduvate k\u00fcsimuste korral olete teretulnud meiega kontakteeruma:<\/p>\n<ul>\n<li><strong><a href=\"mailto:andmekaitse@seicom.ee\" target=\"_blank\" rel=\"noopener\">andmekaitse@seicom.ee<\/a><\/strong><\/li>\n<li>+372 5858 5831<\/li>\n<\/ul>\n","protected":false},"excerpt":{"rendered":"<p>Meie eesm\u00e4rgiks on pakkuda Teile kvaliteetseid, erilahendusega aknaid ja uksi l\u00e4bi mugava veebikanali. Sama p\u00f5hit\u00f5de rakendame ka Teie isikuandmete kogumisel ja t\u00f6\u00f6tlemisel. Kirjutasime selle privaatsustingimuste dokumendi selgitamaks, millist informatsiooni me Kasutajate kohta kogume ning mis eesm\u00e4rgil seda rakendame. Anname endast parima, et meie seisukohad oleksid kergesti m\u00f5istetavad ning \u00fcheti arusaadavad. Informatsiooni kogumiseks kasutame j\u00e4rgnevaid viise: [&hellip;]<\/p>\n","protected":false},"author":1,"featured_media":248,"parent":0,"menu_order":0,"comment_status":"closed","ping_status":"closed","template":"","meta":{"_acf_changed":false,"om_disable_all_campaigns":false,"_exactmetrics_skip_tracking":false,"_exactmetrics_sitenote_active":false,"_exactmetrics_sitenote_note":"","_exactmetrics_sitenote_category":0,"_monsterinsights_skip_tracking":false,"_monsterinsights_sitenote_active":false,"_monsterinsights_sitenote_note":"","_monsterinsights_sitenote_category":0,"_uf_show_specific_survey":0,"_uf_disable_surveys":false,"footnotes":""},"acf":[],"aioseo_notices":[],"_links":{"self":[{"href":"https:\/\/seicom.ee\/epood\/wp-json\/wp\/v2\/pages\/3863"}],"collection":[{"href":"https:\/\/seicom.ee\/epood\/wp-json\/wp\/v2\/pages"}],"about":[{"href":"https:\/\/seicom.ee\/epood\/wp-json\/wp\/v2\/types\/page"}],"author":[{"embeddable":true,"href":"https:\/\/seicom.ee\/epood\/wp-json\/wp\/v2\/users\/1"}],"replies":[{"embeddable":true,"href":"https:\/\/seicom.ee\/epood\/wp-json\/wp\/v2\/comments?post=3863"}],"version-history":[{"count":5,"href":"https:\/\/seicom.ee\/epood\/wp-json\/wp\/v2\/pages\/3863\/revisions"}],"predecessor-version":[{"id":10147,"href":"https:\/\/seicom.ee\/epood\/wp-json\/wp\/v2\/pages\/3863\/revisions\/10147"}],"wp:featuredmedia":[{"embeddable":true,"href":"https:\/\/seicom.ee\/epood\/wp-json\/wp\/v2\/media\/248"}],"wp:attachment":[{"href":"https:\/\/seicom.ee\/epood\/wp-json\/wp\/v2\/media?parent=3863"}],"curies":[{"name":"wp","href":"https:\/\/api.w.org\/{rel}","templated":true}]}}