{"id":2121,"date":"2017-05-19T10:18:14","date_gmt":"2017-05-19T07:18:14","guid":{"rendered":"http:\/\/seicom.ee\/epood\/?page_id=2121"},"modified":"2024-01-12T12:45:23","modified_gmt":"2024-01-12T10:45:23","slug":"akende-tellimine","status":"publish","type":"page","link":"https:\/\/seicom.ee\/epood\/akende-tellimine\/","title":{"rendered":"V\u00f5ta \u00fchendust"},"content":{"rendered":"\n<div class=\"wpcf7 no-js\" id=\"wpcf7-f2120-o1\" lang=\"et\" dir=\"ltr\">\n<div class=\"screen-reader-response\"><p role=\"status\" aria-live=\"polite\" aria-atomic=\"true\"><\/p> <ul><\/ul><\/div>\n<form action=\"\/epood\/wp-json\/wp\/v2\/pages\/2121#wpcf7-f2120-o1\" method=\"post\" class=\"wpcf7-form init wpcf7-acceptance-as-validation\" aria-label=\"Contact form\" enctype=\"multipart\/form-data\" novalidate=\"novalidate\" data-status=\"init\">\n<div style=\"display: none;\">\n<input type=\"hidden\" name=\"_wpcf7\" value=\"2120\" \/>\n<input type=\"hidden\" name=\"_wpcf7_version\" value=\"5.9.8\" \/>\n<input type=\"hidden\" name=\"_wpcf7_locale\" value=\"et\" \/>\n<input type=\"hidden\" name=\"_wpcf7_unit_tag\" value=\"wpcf7-f2120-o1\" \/>\n<input type=\"hidden\" name=\"_wpcf7_container_post\" value=\"0\" \/>\n<input type=\"hidden\" name=\"_wpcf7_posted_data_hash\" value=\"\" \/>\n<input type=\"hidden\" name=\"_wpcf7cf_hidden_group_fields\" value=\"[]\" \/>\n<input type=\"hidden\" name=\"_wpcf7cf_hidden_groups\" value=\"[]\" \/>\n<input type=\"hidden\" name=\"_wpcf7cf_visible_groups\" value=\"[]\" \/>\n<input type=\"hidden\" name=\"_wpcf7cf_repeaters\" value=\"[]\" \/>\n<input type=\"hidden\" name=\"_wpcf7cf_steps\" value=\"{}\" \/>\n<input type=\"hidden\" name=\"_wpcf7cf_options\" value=\"{&quot;form_id&quot;:2120,&quot;conditions&quot;:[],&quot;settings&quot;:{&quot;animation&quot;:&quot;yes&quot;,&quot;animation_intime&quot;:200,&quot;animation_outtime&quot;:200,&quot;conditions_ui&quot;:&quot;normal&quot;,&quot;notice_dismissed&quot;:false,&quot;notice_dismissed_update-cf7-6.0&quot;:true,&quot;notice_dismissed_update-cf7-6.1.3&quot;:true}}\" \/>\n<input type=\"hidden\" name=\"_wpcf7dtx_version\" value=\"5.0.5\" \/>\n<\/div>\n<p><label> Nimi (n\u00f5utav)<br \/>\n<input size=\"40\" maxlength=\"400\" class=\"wpcf7-form-control wpcf7-text wpcf7-validates-as-required\" aria-required=\"true\" aria-invalid=\"false\" value=\"\" type=\"text\" name=\"your-name\" \/> <\/label>\n<\/p>\n<p><label> Email (n\u00f5utav)<br \/>\n<input size=\"40\" maxlength=\"400\" class=\"wpcf7-form-control wpcf7-email wpcf7-validates-as-required wpcf7-text wpcf7-validates-as-email\" aria-required=\"true\" aria-invalid=\"false\" value=\"\" type=\"email\" name=\"your-email\" \/> <\/label>\n<\/p>\n<p><label> Teema<br \/>\n<input size=\"40\" maxlength=\"400\" class=\"wpcf7-form-control wpcf7-text\" aria-invalid=\"false\" value=\"\" type=\"text\" name=\"your-subject\" \/> <\/label>\n<\/p>\n<p><label> Teade<br \/>\n<textarea cols=\"40\" rows=\"10\" maxlength=\"2000\" class=\"wpcf7-form-control wpcf7-textarea\" aria-invalid=\"false\" name=\"your-message\"><\/textarea> <\/label>\n<\/p>\n<p><label> Lisa fail<br \/>\n<input size=\"40\" class=\"wpcf7-form-control wpcf7-file\" accept=\"audio\/*,video\/*,image\/*\" aria-invalid=\"false\" type=\"file\" name=\"file-167\" \/> <\/label>\n<\/p>\n<p><span class=\"wpcf7-form-control wpcf7-acceptance\"><span class=\"wpcf7-list-item\"><label><input type=\"checkbox\" name=\"acceptance-91\" value=\"1\" class=\"input-checkbox\" id=\"acceptterms\" aria-invalid=\"false\" \/><span class=\"wpcf7-list-item-label\"><strong>N\u00f5ustun privaatsustingimustega. Loe <a style=\"text-decoration: underline;\" href='http:\/\/seicom.ee\/epood\/privaatsustingimused\/' target='_blank'>siit.<\/a> <\/strong><\/span><\/label><\/span><\/span>\n<\/p>\n<p><input class=\"wpcf7-form-control wpcf7-submit has-spinner\" type=\"submit\" value=\"Saada\" \/><br \/>\nSisestatud andmeid kasutatakse ainult kontakteerumise eesm\u00e4rgil, ei jagata kolmandatele osapooltele ega kasutata k\u00f5rvaliste eesm\u00e4rkide t\u00e4itmiseks.\n<\/p><div class=\"wpcf7-response-output\" aria-hidden=\"true\"><\/div>\n<\/form>\n<\/div>\n\n","protected":false},"excerpt":{"rendered":"","protected":false},"author":1,"featured_media":0,"parent":0,"menu_order":0,"comment_status":"closed","ping_status":"closed","template":"","meta":{"_acf_changed":false,"om_disable_all_campaigns":false,"_exactmetrics_skip_tracking":false,"_exactmetrics_sitenote_active":false,"_exactmetrics_sitenote_note":"","_exactmetrics_sitenote_category":0,"_monsterinsights_skip_tracking":false,"_monsterinsights_sitenote_active":false,"_monsterinsights_sitenote_note":"","_monsterinsights_sitenote_category":0,"_uf_show_specific_survey":0,"_uf_disable_surveys":false,"footnotes":""},"acf":[],"aioseo_notices":[],"_links":{"self":[{"href":"https:\/\/seicom.ee\/epood\/wp-json\/wp\/v2\/pages\/2121"}],"collection":[{"href":"https:\/\/seicom.ee\/epood\/wp-json\/wp\/v2\/pages"}],"about":[{"href":"https:\/\/seicom.ee\/epood\/wp-json\/wp\/v2\/types\/page"}],"author":[{"embeddable":true,"href":"https:\/\/seicom.ee\/epood\/wp-json\/wp\/v2\/users\/1"}],"replies":[{"embeddable":true,"href":"https:\/\/seicom.ee\/epood\/wp-json\/wp\/v2\/comments?post=2121"}],"version-history":[{"count":1,"href":"https:\/\/seicom.ee\/epood\/wp-json\/wp\/v2\/pages\/2121\/revisions"}],"predecessor-version":[{"id":2122,"href":"https:\/\/seicom.ee\/epood\/wp-json\/wp\/v2\/pages\/2121\/revisions\/2122"}],"wp:attachment":[{"href":"https:\/\/seicom.ee\/epood\/wp-json\/wp\/v2\/media?parent=2121"}],"curies":[{"name":"wp","href":"https:\/\/api.w.org\/{rel}","templated":true}]}}