{"id":207,"date":"2016-12-15T12:52:11","date_gmt":"2016-12-15T10:52:11","guid":{"rendered":"http:\/\/seicom.ee\/epood\/?page_id=207"},"modified":"2018-06-08T13:11:39","modified_gmt":"2018-06-08T10:11:39","slug":"kauba-tagastamine","status":"publish","type":"page","link":"https:\/\/seicom.ee\/epood\/kauba-tagastamine\/","title":{"rendered":"Kauba tagastamine"},"content":{"rendered":"<p>Kliendil on \u00f5igus tellitud kaubad tagastada 14 p\u00e4eva jooksul alates kaupade k\u00e4ttesaamisest. Kaupade tagastamiseks palume v\u00f5tta \u00fchendust SeiCom veebipoe klienditeenindusega.<\/p>\n<p>Ostetud kaup ei kuulu tagastamisele, kui kaup on spetsiaalselt kliendile eritellimuse alusel valmistatud v\u00f5i ostetud.<br \/>\nTagastatav kaup peab olema originaalpakendis ja ei tohi olla\u00a0kasutatud.<\/p>\n<p>Kauba tagastamiseks tuleb esitada kauba ostust taganemise avaldus, mille t\u00fc\u00fcpvormi leiate siit:\u00a0<strong><a href=\"http:\/\/seicom.ee\/epood\/wp-content\/uploads\/2016\/12\/Taganemise-avaldus-1.pdf\" target=\"_blank\" rel=\"noopener\">Taganemisavaldus<\/a><a href=\"https:\/\/www.ehituskaup24.ee\/media\/wysiwyg\/pdf\/taganemise_avaldus.pdf\" target=\"_blank\" rel=\"noopener\"><br \/>\n<\/a><\/strong>Taganemisavalduse v\u00f5ib saata vabas vormis e-postiaadressile <a href=\"mailto:epood@seicom.ee\"><strong>epood@seicom.ee<\/strong><\/a>\u00a0v\u00f5i printida t\u00fc\u00fcpvorm ning lisada tagastatavale kaubale.<\/p>\n<p>Kauba tagastamise kulud kannab klient, v\u00e4lja arvatud juhul, kui \u00fcleantud asi ei vasta tellitule.<\/p>\n<p>Kliendi poolt tasutud tellimuse summat ei tagastata ennem, kui tagastatav kaup on j\u00f5udnud SeiCom veebipoe lattu.<\/p>\n<p>Kui Teil peaks tekkima mingeid k\u00fcsimusi seoses kauba tagastamsiega, siis kirjutage meile e-posti aadressile\u00a0<strong><a href=\"mailto:epood@seicom.ee\">epood@seicom.ee<\/a>\u00a0<\/strong>v\u00f5i helistage <strong>+372 5858 5831<\/strong>.<\/p>\n","protected":false},"excerpt":{"rendered":"<p>Kliendil on \u00f5igus tellitud kaubad tagastada 14 p\u00e4eva jooksul alates kaupade k\u00e4ttesaamisest. Kaupade tagastamiseks palume v\u00f5tta \u00fchendust SeiCom veebipoe klienditeenindusega. Ostetud kaup ei kuulu tagastamisele, kui kaup on spetsiaalselt kliendile eritellimuse alusel valmistatud v\u00f5i ostetud. Tagastatav kaup peab olema originaalpakendis ja ei tohi olla\u00a0kasutatud. Kauba tagastamiseks tuleb esitada kauba ostust taganemise avaldus, mille t\u00fc\u00fcpvormi leiate [&hellip;]<\/p>\n","protected":false},"author":1,"featured_media":1759,"parent":0,"menu_order":0,"comment_status":"closed","ping_status":"closed","template":"","meta":{"_acf_changed":false,"om_disable_all_campaigns":false,"_exactmetrics_skip_tracking":false,"_exactmetrics_sitenote_active":false,"_exactmetrics_sitenote_note":"","_exactmetrics_sitenote_category":0,"_monsterinsights_skip_tracking":false,"_monsterinsights_sitenote_active":false,"_monsterinsights_sitenote_note":"","_monsterinsights_sitenote_category":0,"_uf_show_specific_survey":0,"_uf_disable_surveys":false,"footnotes":""},"acf":[],"aioseo_notices":[],"_links":{"self":[{"href":"https:\/\/seicom.ee\/epood\/wp-json\/wp\/v2\/pages\/207"}],"collection":[{"href":"https:\/\/seicom.ee\/epood\/wp-json\/wp\/v2\/pages"}],"about":[{"href":"https:\/\/seicom.ee\/epood\/wp-json\/wp\/v2\/types\/page"}],"author":[{"embeddable":true,"href":"https:\/\/seicom.ee\/epood\/wp-json\/wp\/v2\/users\/1"}],"replies":[{"embeddable":true,"href":"https:\/\/seicom.ee\/epood\/wp-json\/wp\/v2\/comments?post=207"}],"version-history":[{"count":5,"href":"https:\/\/seicom.ee\/epood\/wp-json\/wp\/v2\/pages\/207\/revisions"}],"predecessor-version":[{"id":3904,"href":"https:\/\/seicom.ee\/epood\/wp-json\/wp\/v2\/pages\/207\/revisions\/3904"}],"wp:featuredmedia":[{"embeddable":true,"href":"https:\/\/seicom.ee\/epood\/wp-json\/wp\/v2\/media\/1759"}],"wp:attachment":[{"href":"https:\/\/seicom.ee\/epood\/wp-json\/wp\/v2\/media?parent=207"}],"curies":[{"name":"wp","href":"https:\/\/api.w.org\/{rel}","templated":true}]}}