{"id":203,"date":"2016-12-15T11:45:31","date_gmt":"2016-12-15T09:45:31","guid":{"rendered":"http:\/\/seicom.ee\/epood\/?page_id=203"},"modified":"2022-03-31T13:36:05","modified_gmt":"2022-03-31T10:36:05","slug":"transport","status":"publish","type":"page","link":"https:\/\/seicom.ee\/epood\/transport\/","title":{"rendered":"Transport"},"content":{"rendered":"<p>SeiCom veebipoe ladu asub \u00c4ksis, Tartumaal.<\/p>\n<p>Toimetame oma klientidele ostetud tooted k\u00e4tte \u00fcle kogu Eesti. <strong>Kaup toimetatakse kliendile v\u00e4lisukseni v\u00f5i aiav\u00e4ravani.<\/strong> Klient peab omalt poolt tagama, et kokkulepitud transpordi kohale j\u00f5udmise ajal on kliendi esindaja kaupa vastu v\u00f5tmas. Kui kliendi esindaja kokkulepitud ajal ja kohas puudub, siis toimetatakse tooted tagasi logistika ettev\u00f5tte lattu ning klient peab tasuma uuesti korduva kohaletoimetamise eest.<\/p>\n<p>Eeldatava tarneaja kinnitab kliendile ostu sooritamisel Seicom veebipood, t\u00e4psem tarneaeg lepitakse kokku kliendiga enne kauba k\u00e4ttetoimetamist.<\/p>\n<p>Transpordihinna arvestab Seicom veebipood vastavalt valitud toodete suurusele ja sihtkohale automaatselt. Transpordihind on n\u00e4ha ostukorvi l\u00f5pus eraldi reana.<\/p>\n<p>Tooted antakse kohapeal kliendile \u00fcle dokumendi alusel, kauba vastuv\u00f5tmine kolmandate isikute poolt tuleb eelnevalt kokkuleppida Seicom veebipoe klienditeenindusega.<\/p>\n<p>SeiCom veebipood j\u00e4tab endale \u00f5iguse vajadusel transpordi hinda korrigeerida.<\/p>\n<p>Kliendil on v\u00f5imalus ka ise oma ostetud toodetele j\u00e4rele tulla SeiCom veebipoe lattu, seljuhul tuleb see valik kinnitada veebipoes transpordi valikus.<\/p>\n<p>Kui Teil peaks tekkima mingeid k\u00fcsimusi seoses transpordiga, siis kirjutage meile e-posti aadressile\u00a0<strong><a href=\"mailto:epood@seicom.ee\" rel=\"noopener\">epood@seicom.ee<\/a>\u00a0<\/strong>v\u00f5i helistage <strong>+372 5836 7700<\/strong>.<\/p>\n","protected":false},"excerpt":{"rendered":"<p>SeiCom veebipoe ladu asub \u00c4ksis, Tartumaal. Toimetame oma klientidele ostetud tooted k\u00e4tte \u00fcle kogu Eesti. Kaup toimetatakse kliendile v\u00e4lisukseni v\u00f5i aiav\u00e4ravani. Klient peab omalt poolt tagama, et kokkulepitud transpordi kohale j\u00f5udmise ajal on kliendi esindaja kaupa vastu v\u00f5tmas. Kui kliendi esindaja kokkulepitud ajal ja kohas puudub, siis toimetatakse tooted tagasi logistika ettev\u00f5tte lattu ning klient [&hellip;]<\/p>\n","protected":false},"author":1,"featured_media":1762,"parent":0,"menu_order":0,"comment_status":"closed","ping_status":"closed","template":"","meta":{"_acf_changed":false,"om_disable_all_campaigns":false,"_exactmetrics_skip_tracking":false,"_exactmetrics_sitenote_active":false,"_exactmetrics_sitenote_note":"","_exactmetrics_sitenote_category":0,"_monsterinsights_skip_tracking":false,"_monsterinsights_sitenote_active":false,"_monsterinsights_sitenote_note":"","_monsterinsights_sitenote_category":0,"_uf_show_specific_survey":0,"_uf_disable_surveys":false,"footnotes":""},"acf":[],"aioseo_notices":[],"_links":{"self":[{"href":"https:\/\/seicom.ee\/epood\/wp-json\/wp\/v2\/pages\/203"}],"collection":[{"href":"https:\/\/seicom.ee\/epood\/wp-json\/wp\/v2\/pages"}],"about":[{"href":"https:\/\/seicom.ee\/epood\/wp-json\/wp\/v2\/types\/page"}],"author":[{"embeddable":true,"href":"https:\/\/seicom.ee\/epood\/wp-json\/wp\/v2\/users\/1"}],"replies":[{"embeddable":true,"href":"https:\/\/seicom.ee\/epood\/wp-json\/wp\/v2\/comments?post=203"}],"version-history":[{"count":5,"href":"https:\/\/seicom.ee\/epood\/wp-json\/wp\/v2\/pages\/203\/revisions"}],"predecessor-version":[{"id":8007,"href":"https:\/\/seicom.ee\/epood\/wp-json\/wp\/v2\/pages\/203\/revisions\/8007"}],"wp:featuredmedia":[{"embeddable":true,"href":"https:\/\/seicom.ee\/epood\/wp-json\/wp\/v2\/media\/1762"}],"wp:attachment":[{"href":"https:\/\/seicom.ee\/epood\/wp-json\/wp\/v2\/media?parent=203"}],"curies":[{"name":"wp","href":"https:\/\/api.w.org\/{rel}","templated":true}]}}