{"id":186,"date":"2016-12-14T15:01:43","date_gmt":"2016-12-14T13:01:43","guid":{"rendered":"http:\/\/seicom.ee\/epood\/?page_id=186"},"modified":"2022-11-18T08:54:08","modified_gmt":"2022-11-18T06:54:08","slug":"ettevottest","status":"publish","type":"page","link":"https:\/\/seicom.ee\/epood\/ettevottest\/","title":{"rendered":"Ettev\u00f5ttest"},"content":{"rendered":"<p>Meie tootevalik sisaldab PVC-st, puidust ja alumiiniumist akna-, ukse-, ja fassaadilahendusi. <a href=\"http:\/\/seicom.ee\/epood\/wp-content\/uploads\/2022\/11\/seicom_akna_ukse_tehas_marko_randoja_com_fotograaf-41_cut_web.png\"><img loading=\"lazy\" decoding=\"async\" class=\"alignright wp-image-9270 size-medium\" src=\"http:\/\/seicom.ee\/epood\/wp-content\/uploads\/2022\/11\/seicom_akna_ukse_tehas_marko_randoja_com_fotograaf-41_cut_web-300x179.png\" alt=\"\" width=\"300\" height=\"179\" srcset=\"https:\/\/seicom.ee\/epood\/wp-content\/uploads\/2022\/11\/seicom_akna_ukse_tehas_marko_randoja_com_fotograaf-41_cut_web-300x179.png 300w, https:\/\/seicom.ee\/epood\/wp-content\/uploads\/2022\/11\/seicom_akna_ukse_tehas_marko_randoja_com_fotograaf-41_cut_web-1024x611.png 1024w, https:\/\/seicom.ee\/epood\/wp-content\/uploads\/2022\/11\/seicom_akna_ukse_tehas_marko_randoja_com_fotograaf-41_cut_web-768x458.png 768w, https:\/\/seicom.ee\/epood\/wp-content\/uploads\/2022\/11\/seicom_akna_ukse_tehas_marko_randoja_com_fotograaf-41_cut_web-838x500.png 838w, https:\/\/seicom.ee\/epood\/wp-content\/uploads\/2022\/11\/seicom_akna_ukse_tehas_marko_randoja_com_fotograaf-41_cut_web-600x358.png 600w, https:\/\/seicom.ee\/epood\/wp-content\/uploads\/2022\/11\/seicom_akna_ukse_tehas_marko_randoja_com_fotograaf-41_cut_web.png 1388w\" sizes=\"(max-width: 300px) 100vw, 300px\" \/><\/a><br data-rich-text-line-break=\"true\" \/>Meie paindlikkus pakutavate profiilimaterjalide osas v\u00f5imaldab meil keskenduda kliendi vajadustele vastavate lahenduste leidmisele. <br data-rich-text-line-break=\"true\" \/>Meil on oma klientide jaoks vajalikud teadmised ja tehnilised oskused, olgu eesm\u00e4rgiks parima v\u00f5imaliku soojusisolatsiooni saavutamine v\u00f5i \u00fclikeeruka lahendusega klaasfassaadid.<\/p>\n<p><strong data-rich-text-format-boundary=\"true\">SeiComi lugu<\/strong><\/p>\n<p>SeiCom on Eesti kapitalil p\u00f5hinev pereettev\u00f5te, mille asutasid kaks venda, Ahti Sei ja Priit Sei. <a href=\"http:\/\/seicom.ee\/epood\/wp-content\/uploads\/2022\/11\/seicom_aknatehas_droon_pildid_tartu_marko_randoja_com_fotograaf-15.jpg\"><img loading=\"lazy\" decoding=\"async\" class=\"alignright wp-image-9273 size-medium\" src=\"http:\/\/seicom.ee\/epood\/wp-content\/uploads\/2022\/11\/seicom_aknatehas_droon_pildid_tartu_marko_randoja_com_fotograaf-15-300x200.jpg\" alt=\"\" width=\"300\" height=\"200\" srcset=\"https:\/\/seicom.ee\/epood\/wp-content\/uploads\/2022\/11\/seicom_aknatehas_droon_pildid_tartu_marko_randoja_com_fotograaf-15-300x200.jpg 300w, https:\/\/seicom.ee\/epood\/wp-content\/uploads\/2022\/11\/seicom_aknatehas_droon_pildid_tartu_marko_randoja_com_fotograaf-15-1024x682.jpg 1024w, https:\/\/seicom.ee\/epood\/wp-content\/uploads\/2022\/11\/seicom_aknatehas_droon_pildid_tartu_marko_randoja_com_fotograaf-15-768x512.jpg 768w, https:\/\/seicom.ee\/epood\/wp-content\/uploads\/2022\/11\/seicom_aknatehas_droon_pildid_tartu_marko_randoja_com_fotograaf-15-1536x1023.jpg 1536w, https:\/\/seicom.ee\/epood\/wp-content\/uploads\/2022\/11\/seicom_aknatehas_droon_pildid_tartu_marko_randoja_com_fotograaf-15-751x500.jpg 751w, https:\/\/seicom.ee\/epood\/wp-content\/uploads\/2022\/11\/seicom_aknatehas_droon_pildid_tartu_marko_randoja_com_fotograaf-15-600x400.jpg 600w, https:\/\/seicom.ee\/epood\/wp-content\/uploads\/2022\/11\/seicom_aknatehas_droon_pildid_tartu_marko_randoja_com_fotograaf-15.jpg 2048w\" sizes=\"(max-width: 300px) 100vw, 300px\" \/><\/a><br data-rich-text-line-break=\"true\" \/>SeiCom alustas oma tegevust 2002. aastal PVC-akende ja -uste tootmisega. Aastate jooksul on SeiCom j\u00e4rjekindlalt arenenud ja sellest on saanud ainus Eesti ettev\u00f5te, kes pakub k\u00f5iki akna- ja ukselahendusi \u2013 nii PVC-st, puidust, puitalumiiniumist kui alumiiniumist.<\/p>\n<p>T\u00e4nu meie asjatundlikule spetsialistidest koosnevale meeskonnale saame pakkuda klientidele t\u00e4isteenust alates visandamisest kuni paigaldamiseni. Meie tootevalik pole kunagi l\u00f5plik, vaid kasvab pidevalt. Selle saavutamiseks teeme tihedat koost\u00f6\u00f6d klientide, profiilitootjate, ehitusfirmade ja arhitektidega.<\/p>\n<h4 class=\"block-editor-rich-text__editable editor-rich-text__editable\" style=\"text-align: center;\" role=\"textbox\" contenteditable=\"true\" aria-multiline=\"true\" data-is-placeholder-visible=\"false\" aria-label=\"Kirjuta pealkiri...\" aria-autocomplete=\"list\">Meie visioon SeiComis on olla ambitsioonikate klientide eelispartneriks, pakkudes turu parimat kvaliteeti, teenindust, paindlikkust ja oskusteavet.<\/h4>\n","protected":false},"excerpt":{"rendered":"<p>Meie tootevalik sisaldab PVC-st, puidust ja alumiiniumist akna-, ukse-, ja fassaadilahendusi. Meie paindlikkus pakutavate profiilimaterjalide osas v\u00f5imaldab meil keskenduda kliendi vajadustele vastavate lahenduste leidmisele. Meil on oma klientide jaoks vajalikud teadmised ja tehnilised oskused, olgu eesm\u00e4rgiks parima v\u00f5imaliku soojusisolatsiooni saavutamine v\u00f5i \u00fclikeeruka lahendusega klaasfassaadid. SeiComi lugu SeiCom on Eesti kapitalil p\u00f5hinev pereettev\u00f5te, mille asutasid kaks [&hellip;]<\/p>\n","protected":false},"author":1,"featured_media":271,"parent":0,"menu_order":0,"comment_status":"closed","ping_status":"closed","template":"","meta":{"_acf_changed":false,"om_disable_all_campaigns":false,"_exactmetrics_skip_tracking":false,"_exactmetrics_sitenote_active":false,"_exactmetrics_sitenote_note":"","_exactmetrics_sitenote_category":0,"_monsterinsights_skip_tracking":false,"_monsterinsights_sitenote_active":false,"_monsterinsights_sitenote_note":"","_monsterinsights_sitenote_category":0,"_uf_show_specific_survey":0,"_uf_disable_surveys":false,"footnotes":""},"acf":[],"aioseo_notices":[],"_links":{"self":[{"href":"https:\/\/seicom.ee\/epood\/wp-json\/wp\/v2\/pages\/186"}],"collection":[{"href":"https:\/\/seicom.ee\/epood\/wp-json\/wp\/v2\/pages"}],"about":[{"href":"https:\/\/seicom.ee\/epood\/wp-json\/wp\/v2\/types\/page"}],"author":[{"embeddable":true,"href":"https:\/\/seicom.ee\/epood\/wp-json\/wp\/v2\/users\/1"}],"replies":[{"embeddable":true,"href":"https:\/\/seicom.ee\/epood\/wp-json\/wp\/v2\/comments?post=186"}],"version-history":[{"count":5,"href":"https:\/\/seicom.ee\/epood\/wp-json\/wp\/v2\/pages\/186\/revisions"}],"predecessor-version":[{"id":9276,"href":"https:\/\/seicom.ee\/epood\/wp-json\/wp\/v2\/pages\/186\/revisions\/9276"}],"wp:featuredmedia":[{"embeddable":true,"href":"https:\/\/seicom.ee\/epood\/wp-json\/wp\/v2\/media\/271"}],"wp:attachment":[{"href":"https:\/\/seicom.ee\/epood\/wp-json\/wp\/v2\/media?parent=186"}],"curies":[{"name":"wp","href":"https:\/\/api.w.org\/{rel}","templated":true}]}}