{"id":151,"date":"2016-12-07T18:07:52","date_gmt":"2016-12-07T16:07:52","guid":{"rendered":"http:\/\/seicom.ee\/epood\/?page_id=151"},"modified":"2024-11-28T09:57:19","modified_gmt":"2024-11-28T07:57:19","slug":"kuidas-osta","status":"publish","type":"page","link":"https:\/\/seicom.ee\/epood\/kuidas-osta\/","title":{"rendered":"Kuidas osta"},"content":{"rendered":"<h4>Informatsioon<\/h4>\n<p>K\u00f5ik SeiCom veebipoe toodete hinnad kehtivad ainult veebipoest ostes ja sisaldavad k\u00e4ibemaksu 22%.<\/p>\n<p>Veebipoe SeiCom toodete hinnad ei sisalda paigaldusteenust ega m\u00f5\u00f5tmisteenust, soovi korral on v\u00f5imalik neid teenuseid tellida veebipoe SeiCom v\u00e4liselt erikokkuleppel meie klienditeenindusega. Veebipoest SeiCom tellitud toodetele paigaldusteenuse juurde tellimisel veebipoe SeiCom poolt kinnitatud tellimuse t\u00e4htaeg ei kehti, uus t\u00e4htaeg t\u00e4psustatakse koos paigaldusteenuse pakkumisega.<\/p>\n<p>Veebipoes SeiCom n\u00e4idatud tellimuste tarneajad kehtivad alates tellimuse summa laekumise hetkest SeiCom O\u00dc pangakontole.<\/p>\n<p>Kuna tegu on\u00a0tellimuse peale toodetavate toodetega,\u00a0siis t\u00e4psustame tarneaja koheselt peale tellimust.<\/p>\n<p>SeiCom veebipoes esitatud tellimustele vastatakse hiljemalt j\u00e4rgmise t\u00f6\u00f6p\u00e4eva jooksul.<\/p>\n<p>Palun tutvuge ka meie veebipoe\u00a0<strong><a href=\"http:\/\/seicom.ee\/epood\/wp-content\/uploads\/2019\/05\/M%C3%BC%C3%BCgitingimused-31.05.19.pdf\" target=\"_blank\" rel=\"noopener\">M\u00fc\u00fcgitingimustega<\/a><\/strong>.<\/p>\n<p>Kui Seicom veebipoel ei ole v\u00f5imalik mingil p\u00f5hjusel tellimust t\u00e4ita, siis pakutakse kliendile alternatiivset toodet v\u00f5i tagastatakse kogu tellimuse eest tasutud summa, vastavalt osapoolte vahelisele kokkuleppele.<br \/>\nInfot vormistatud tellimuste kohta saab telefonil <strong>+372 5677 6499<\/strong>, kirjutada saate meile aadressil <a href=\"mailto:epood@seicom.ee\" rel=\"noopener\"><strong>epood@seicom.ee<\/strong><\/a><\/p>\n<h4>Ostmine<\/h4>\n<p>Meie veebipoe esilehel leiate \u00fcldist infot ettev\u00f5tte ja meie toodete kohta ning lisaks saate tutvuda valdkonna uudistega ja meie tehase referentsidega.<\/p>\n<p>Ostmist alustage sobiva tootegrupi valikuga \u00fclevalt men\u00fc\u00fcst. Kui olete leidnud ja valinud sobiva toote, satute tootelehele, kus saate teha k\u00f5ik vajalikud valikud t\u00e4psustamaks millist toodet soovite. Tootelehe valikutes saate valida: avade arvu ehk mitmeavalist toodet soovite, toote v\u00e4lism\u00f5\u00f5dud, klaaspaketi, erinevate avade avanemiste t\u00fc\u00fcpe, toote viimistlust, soovi korral dekoratiivliiste akna peale v\u00f5i klaaspaketi sisse, k\u00e4epideme viimistlust, erinevaid musterklaase v\u00f5i turvaklaase, klaaspaketi vaheliistu, ventilatsiooniklappi, vee- ja \u00e4\u00e4replekke ning aknalauda.<br \/>\nTootelehe valikud v\u00f5ivad olla\u00a0mingil m\u00e4\u00e4ral erinevad\u00a0olenevalt tootest.<\/p>\n<p>Palume Teil tellitava toote valikud ja andmed t\u00e4ita t\u00e4helepanelikult, kuna esitatud informatsiooni t\u00e4psusest ja \u00f5igsusest s\u00f5ltub Teie toote\/toodete kiire ja t\u00f5rgeteta valmimine ja vajadusel kohaletoimetamine.<\/p>\n<p>Kui olete leidnud ja valinud endale sobiva toote, siis lisage see toode ostukorvi vajutades <em>&#8220;Lisa ostukorvi&#8221;<\/em>, kui soovite osta mitu toodet, siis korrake eelnevalt kirjeldatud tegevusi uue tootega. Ostukorvi sisuga tutvumiseks vajutage \u00fcleval paremal olevat ostukorvi s\u00fcmboliga nuppu. Kui k\u00f5ik soovitud tooted on ostukorvis, siis vajutage ostukorvis asuvat nuppu <em>&#8220;Suundu maksma&#8221;<\/em> ning j\u00f5uate tellimuse kinnitamise lehele.<\/p>\n<p>Tellimuse kinnitamise lehel n\u00e4ete veelkord enda poolt v\u00e4lja valitud tooteid, saate muuta vajadusel koguseid v\u00f5i printida v\u00e4lja tellimuse kinnituse.<br \/>\nEdasi on vaja kinnitada transpordivalik, variante on kaks, kas tulete ise toodetele j\u00e4rele tehasesse v\u00f5i valite meiepoolse transpordi ning tooted tuuakse teile koju \u00e4ra. Kui soovite meiepoolset transporti tellitud toodetele, siis pange linnuke kasti <em>&#8220;Telli transport&#8221;<\/em> ning t\u00e4itke k\u00f5ik vajalikud infov\u00e4ljad korrektselt. Transpordihind tekib tellimuse kinnitusele automaatselt vastavalt teie poolt sisestatud aadressile.<br \/>\nToodete tarneaeg pakutakse veebipoe\u00a0poolt teile automaatselt, teil on v\u00f5imalik seda vajadusel muuta hilisemaks, aga mitte varasemaks.<br \/>\nKui te soovite meiepoolset hinnapakkumist ostetud toodete paigaldust\u00f6\u00f6dele, siis tehke linnukene vastavasse kasti tellimuse kinnituse lehe l\u00f5pus ning\u00a0saadame teile eraldi hinnapakkumise paigaldust\u00f6\u00f6de osas.<br \/>\nEnne tellimuse kinnitamist palume Teil tutvuda\u00a0meie veebipoe m\u00fc\u00fcgitingimustega ning kinnitada oma n\u00f5usolekut linnukesega \u00f5iges lahtris, peale seda saate tellimuse kinnitada ja suunduda maksma vajutades <em>&#8220;Kinnita tellimus&#8221;<\/em>.<\/p>\n<h4>Maksmine<\/h4>\n<p>Maksmine toimub meie veebipoes pangalingi vahendusel. Peale pangalingi kasutamist ning maksmist v\u00e4ljuge panga lehelt kasutades nuppu <em>&#8220;Tagasi kaupmehe juurde&#8221;<\/em>. Kui soovite kasutada maksmiseks muid maksekanaleid, siis koostame Teile soovi korral arve, mille alusel saate oma tellimuse eest tasuda \u00fclekandega, sellisel juhul valige maksmise valikus <em>&#8220;Maksan arve alusel&#8221;<\/em>.<br \/>\nLisaks eelnevale on Teil v\u00f5imalik maksta ka j\u00e4relmaksuga. Meie veebipoes on v\u00f5imalik kasutada kas Esto v\u00f5i Inbank j\u00e4relmaksu.<\/p>\n<p>Kui Teil peaks tekkima mingeid k\u00fcsimusi seoses meie veebipoe kasutamisega, siis kirjutage meile e-posti aadressile\u00a0<strong><a href=\"mailto:epood@seicom.ee\" rel=\"noopener\">epood@seicom.ee<\/a>\u00a0<\/strong>v\u00f5i helistage <strong>+372 5677 6499<\/strong>.<\/p>\n<div><\/div>\n","protected":false},"excerpt":{"rendered":"<p>Informatsioon K\u00f5ik SeiCom veebipoe toodete hinnad kehtivad ainult veebipoest ostes ja sisaldavad k\u00e4ibemaksu 22%. Veebipoe SeiCom toodete hinnad ei sisalda paigaldusteenust ega m\u00f5\u00f5tmisteenust, soovi korral on v\u00f5imalik neid teenuseid tellida veebipoe SeiCom v\u00e4liselt erikokkuleppel meie klienditeenindusega. Veebipoest SeiCom tellitud toodetele paigaldusteenuse juurde tellimisel veebipoe SeiCom poolt kinnitatud tellimuse t\u00e4htaeg ei kehti, uus t\u00e4htaeg t\u00e4psustatakse koos [&hellip;]<\/p>\n","protected":false},"author":1,"featured_media":1763,"parent":0,"menu_order":0,"comment_status":"closed","ping_status":"closed","template":"","meta":{"_acf_changed":false,"om_disable_all_campaigns":false,"_exactmetrics_skip_tracking":false,"_exactmetrics_sitenote_active":false,"_exactmetrics_sitenote_note":"","_exactmetrics_sitenote_category":0,"_monsterinsights_skip_tracking":false,"_monsterinsights_sitenote_active":false,"_monsterinsights_sitenote_note":"","_monsterinsights_sitenote_category":0,"_uf_show_specific_survey":0,"_uf_disable_surveys":false,"footnotes":""},"acf":[],"aioseo_notices":[],"_links":{"self":[{"href":"https:\/\/seicom.ee\/epood\/wp-json\/wp\/v2\/pages\/151"}],"collection":[{"href":"https:\/\/seicom.ee\/epood\/wp-json\/wp\/v2\/pages"}],"about":[{"href":"https:\/\/seicom.ee\/epood\/wp-json\/wp\/v2\/types\/page"}],"author":[{"embeddable":true,"href":"https:\/\/seicom.ee\/epood\/wp-json\/wp\/v2\/users\/1"}],"replies":[{"embeddable":true,"href":"https:\/\/seicom.ee\/epood\/wp-json\/wp\/v2\/comments?post=151"}],"version-history":[{"count":5,"href":"https:\/\/seicom.ee\/epood\/wp-json\/wp\/v2\/pages\/151\/revisions"}],"predecessor-version":[{"id":11377,"href":"https:\/\/seicom.ee\/epood\/wp-json\/wp\/v2\/pages\/151\/revisions\/11377"}],"wp:featuredmedia":[{"embeddable":true,"href":"https:\/\/seicom.ee\/epood\/wp-json\/wp\/v2\/media\/1763"}],"wp:attachment":[{"href":"https:\/\/seicom.ee\/epood\/wp-json\/wp\/v2\/media?parent=151"}],"curies":[{"name":"wp","href":"https:\/\/api.w.org\/{rel}","templated":true}]}}